{"id":878,"date":"2018-02-12T09:59:33","date_gmt":"2018-02-12T08:59:33","guid":{"rendered":"https:\/\/www.litoterrazzi.it\/rilegatura-brossura-brossura-bandelle\/"},"modified":"2018-05-29T12:34:42","modified_gmt":"2018-05-29T10:34:42","slug":"reliure-brochee-et-reliure-brochee-dos-carre-colle","status":"publish","type":"page","link":"https:\/\/www.litoterrazzi.it\/fr\/reliure-brochee-et-reliure-brochee-dos-carre-colle\/","title":{"rendered":"Reliure broch\u00e9e et reliure broch\u00e9e dos carr\u00e9 coll\u00e9"},"content":{"rendered":"<div id=\"pl-878\"  class=\"panel-layout\" ><div id=\"pg-878-0\"  class=\"panel-grid panel-has-style\" ><div class=\"panel-row-style panel-row-style-for-878-0\" ><div id=\"pgc-878-0-0\"  class=\"panel-grid-cell\" ><div id=\"panel-878-0-0-0\" class=\"so-panel widget widget_sow-headline panel-first-child\" data-index=\"0\" ><div\n\t\t\t\n\t\t\tclass=\"so-widget-sow-headline so-widget-sow-headline-default-1cf9f74d0cd0-878\"\n\t\t\t\n\t\t><div class=\"sow-headline-container \">\n\t\t\t\t\t\t\t<h4 class=\"sow-headline\">\n\t\t\t\t\t\tNous proposons trois types de reliures broch\u00e9es\u00a0: broch\u00e9 frais\u00e9-coll\u00e9, broch\u00e9 par collage berc\u00e9 et broch\u00e9 cousu ou prestige.\t\t\t\t\t\t<\/h4>\n\t\t\t\t\t\t<\/div>\n<\/div><\/div><div id=\"panel-878-0-0-1\" class=\"so-panel widget widget_sow-tabs panel-last-child\" data-index=\"1\" ><div class=\"lt-tabs-widget lt-brossura panel-widget-style panel-widget-style-for-878-0-0-1\" ><div\n\t\t\t\n\t\t\tclass=\"so-widget-sow-tabs so-widget-sow-tabs-default-de6b8565b04f-878\"\n\t\t\t\n\t\t><div class=\"sow-tabs\">\n\t<div class=\"sow-tabs-tab-container\" role=\"tablist\">\n\t\t\t<div\n\t\t\tclass=\"sow-tabs-tab\n\t\t\t sow-tabs-tab-selected\t\t\t\"\n\t\t\trole=\"tab\"\n\t\t\tdata-anchor-id=\"brossura-fresata\"\n\t\t\taria-selected=\"true\"\n\t\t\ttabindex=\"0\"\n\t\t>\n\t\t\t<div class=\"sow-tabs-title sow-tabs-title-icon-left\">\n\t\t\t\t\t\t\t\tBrossura fresata\t\t\t\t\t\t\t<\/div>\n\t\t<\/div>\n\t\t\t<div\n\t\t\tclass=\"sow-tabs-tab\n\t\t\t\t\t\t\"\n\t\t\trole=\"tab\"\n\t\t\tdata-anchor-id=\"brossura-a-filo-refe\"\n\t\t\taria-selected=\"false\"\n\t\t\ttabindex=\"0\"\n\t\t>\n\t\t\t<div class=\"sow-tabs-title sow-tabs-title-icon-left\">\n\t\t\t\t\t\t\t\tBrossura a filo refe\t\t\t\t\t\t\t<\/div>\n\t\t<\/div>\n\t\t\t<div\n\t\t\tclass=\"sow-tabs-tab\n\t\t\t\t\t\t\"\n\t\t\trole=\"tab\"\n\t\t\tdata-anchor-id=\"brossura-cucita-o-di-pregio\"\n\t\t\taria-selected=\"false\"\n\t\t\ttabindex=\"0\"\n\t\t>\n\t\t\t<div class=\"sow-tabs-title sow-tabs-title-icon-left\">\n\t\t\t\t\t\t\t\tBrossura cucita o di pregio\t\t\t\t\t\t\t<\/div>\n\t\t<\/div>\n\t\t<\/div>\n\n\t<div class=\"sow-tabs-panel-container\">\n\t\t\t<div class=\"sow-tabs-panel\">\n\t\t\t<div\n\t\t\t\tclass=\"sow-tabs-panel-content\"\n\t\t\t\trole=\"tabpanel\"\n\t\t\t\taria-hidden=\"false\"\n\t\t\t>\n\t\t\t\t<p><img loading=\"lazy\" decoding=\"async\" class=\"uk-border-circle alignright wp-image-221 size-lter_circle_thumbnail\" src=\"https:\/\/www.litoterrazzi.it\/wp-content\/uploads\/2018\/02\/brossura-fresata-214x214.jpg\" alt=\"\" width=\"214\" height=\"214\" srcset=\"https:\/\/www.litoterrazzi.it\/wp-content\/uploads\/2018\/02\/brossura-fresata-214x214.jpg 214w, https:\/\/www.litoterrazzi.it\/wp-content\/uploads\/2018\/02\/brossura-fresata-150x150.jpg 150w, https:\/\/www.litoterrazzi.it\/wp-content\/uploads\/2018\/02\/brossura-fresata-300x300.jpg 300w, https:\/\/www.litoterrazzi.it\/wp-content\/uploads\/2018\/02\/brossura-fresata.jpg 600w\" sizes=\"auto, (max-width: 214px) 100vw, 214px\" \/><\/p>\n<p>\u00a0<\/p>\n<p>\u00a0<\/p>\n<p>Le segnature vengono raccolte e tagliate con una fresa dal lato della piega in modo da permettere una maggiore aderenza e infine incollate alla copertina.<\/p>\t\t\t<\/div>\n\t\t<\/div>\n\t\t\t<div class=\"sow-tabs-panel\">\n\t\t\t<div\n\t\t\t\tclass=\"sow-tabs-panel-content\"\n\t\t\t\trole=\"tabpanel\"\n\t\t\t\taria-hidden=\"true\"\n\t\t\t>\n\t\t\t\t<p><img loading=\"lazy\" decoding=\"async\" class=\"uk-border-circle alignright wp-image-220 size-lter_circle_thumbnail\" src=\"https:\/\/www.litoterrazzi.it\/wp-content\/uploads\/2018\/02\/brossura-filorete-214x214.jpg\" alt=\"\" width=\"214\" height=\"214\" srcset=\"https:\/\/www.litoterrazzi.it\/wp-content\/uploads\/2018\/02\/brossura-filorete-214x214.jpg 214w, https:\/\/www.litoterrazzi.it\/wp-content\/uploads\/2018\/02\/brossura-filorete-150x150.jpg 150w, https:\/\/www.litoterrazzi.it\/wp-content\/uploads\/2018\/02\/brossura-filorete-300x300.jpg 300w, https:\/\/www.litoterrazzi.it\/wp-content\/uploads\/2018\/02\/brossura-filorete.jpg 600w\" sizes=\"auto, (max-width: 214px) 100vw, 214px\" \/><\/p>\n<p>Le segnature vengono cucite al centro con un filo di cotone, lino, canapa o sintetico e poi incollate.<\/p>\t\t\t<\/div>\n\t\t<\/div>\n\t\t\t<div class=\"sow-tabs-panel\">\n\t\t\t<div\n\t\t\t\tclass=\"sow-tabs-panel-content\"\n\t\t\t\trole=\"tabpanel\"\n\t\t\t\taria-hidden=\"true\"\n\t\t\t>\n\t\t\t\t<p><img loading=\"lazy\" decoding=\"async\" class=\"uk-border-circle alignright wp-image-219 size-lter_circle_thumbnail\" src=\"https:\/\/www.litoterrazzi.it\/wp-content\/uploads\/2018\/02\/brossura-cucita-214x214.jpg\" alt=\"\" width=\"214\" height=\"214\" srcset=\"https:\/\/www.litoterrazzi.it\/wp-content\/uploads\/2018\/02\/brossura-cucita-214x214.jpg 214w, https:\/\/www.litoterrazzi.it\/wp-content\/uploads\/2018\/02\/brossura-cucita-150x150.jpg 150w, https:\/\/www.litoterrazzi.it\/wp-content\/uploads\/2018\/02\/brossura-cucita-300x300.jpg 300w, https:\/\/www.litoterrazzi.it\/wp-content\/uploads\/2018\/02\/brossura-cucita.jpg 600w\" sizes=\"auto, (max-width: 214px) 100vw, 214px\" \/><\/p>\n<p>\u00a0<\/p>\n<p>\u00a0<\/p>\n<p>Le segnature sono cucite con filo di seta, preferito per la resistenza e la delicatezza nei confronti della carta.<\/p>\t\t\t<\/div>\n\t\t<\/div>\n\t\t<\/div>\n<\/div>\n<\/div><\/div><\/div><\/div><\/div><\/div><div id=\"pg-878-1\"  class=\"panel-grid panel-has-style\" ><div class=\"uk-hidden panel-row-style panel-row-style-for-878-1\" ><div id=\"pgc-878-1-0\"  class=\"panel-grid-cell\" ><div id=\"panel-878-1-0-0\" class=\"so-panel widget widget_sow-headline panel-first-child panel-last-child\" data-index=\"2\" ><div class=\"panel-widget-style panel-widget-style-for-878-1-0-0\" ><div\n\t\t\t\n\t\t\tclass=\"so-widget-sow-headline so-widget-sow-headline-default-d27cee19bdd7-878\"\n\t\t\t\n\t\t><div class=\"sow-headline-container \">\n\t\t\t\t\t\t\t<h1 class=\"sow-headline\">\n\t\t\t\t\t\tQuesto tipo di rilegatura  \u00e8 perfetto per:\t\t\t\t\t\t<\/h1>\n\t\t\t\t\t\t<\/div>\n<\/div><\/div><\/div><\/div><div id=\"pgc-878-1-1\"  class=\"panel-grid-cell\" ><div id=\"panel-878-1-1-0\" class=\"so-panel widget widget_sow-editor panel-first-child panel-last-child\" data-index=\"3\" ><div class=\"lt-list lt-check-list panel-widget-style panel-widget-style-for-878-1-1-0\" ><div\n\t\t\t\n\t\t\tclass=\"so-widget-sow-editor so-widget-sow-editor-base\"\n\t\t\t\n\t\t>\n<div class=\"siteorigin-widget-tinymce textwidget\">\n\t<ul>\n<li>Collane di pregio<\/li>\n<li>Libri fotografici<\/li>\n<\/ul>\n<\/div>\n<\/div><\/div><\/div><\/div><\/div><\/div><div id=\"pg-878-2\"  class=\"panel-grid panel-has-style\" ><div class=\"siteorigin-panels-stretch panel-row-style panel-row-style-for-878-2\" data-stretch-type=\"full\" ><div id=\"pgc-878-2-0\"  class=\"panel-grid-cell\" ><div id=\"panel-878-2-0-0\" class=\"so-panel widget widget_sow-headline panel-first-child panel-last-child\" data-index=\"4\" ><div\n\t\t\t\n\t\t\tclass=\"so-widget-sow-headline so-widget-sow-headline-default-736a0636c849-878\"\n\t\t\t\n\t\t><div class=\"sow-headline-container \">\n\t\t\t\t\t\t\t<h1 class=\"sow-headline\">\n\t\t\t\t\t\tQuelques-unes de nos r\u00e9alisations:\t\t\t\t\t\t<\/h1>\n\t\t\t\t\t\t\t\t\t\t\t\t<h4 class=\"sow-sub-headline\">\n\t\t\t\t\t\tCliquez sur l\u2019image pour voir les d\u00e9tails\t\t\t\t\t\t<\/h4>\n\t\t\t\t\t\t<\/div>\n<\/div><\/div><\/div><\/div><\/div><div id=\"pg-878-3\"  class=\"panel-grid panel-has-style\" ><div class=\"siteorigin-panels-stretch panel-row-style panel-row-style-for-878-3\" data-stretch-type=\"full-stretched\" ><div id=\"pgc-878-3-0\"  class=\"panel-grid-cell\" ><div id=\"panel-878-3-0-0\" class=\"so-panel widget widget_lter-works-preview-widget panel-first-child panel-last-child\" data-index=\"5\" ><div\n\t\t\t\n\t\t\tclass=\"so-widget-lter-works-preview-widget so-widget-lter-works-preview-widget-base\"\n\t\t\t\n\t\t><div class=\"lt-works-preview-thumbs uk-container uk-margin-small-bottom\" uk-switcher=\"toggle: > ul > *; connect: .lt-works-preview-contents > .uk-switcher\"><ul class=\"uk-child-width-1-4 uk-grid-small\" uk-grid><li class=\"\"><a href=\"#\"><img decoding=\"async\" class=\"uk-width-1-1\" src=\"https:\/\/www.litoterrazzi.it\/wp-content\/uploads\/2018\/02\/Anteprima-brossura-1-2-260x209.jpg\"><\/a><\/li><li class=\"\"><a href=\"#\"><img decoding=\"async\" class=\"uk-width-1-1\" src=\"https:\/\/www.litoterrazzi.it\/wp-content\/uploads\/2018\/02\/Anteprima-brossura-2-2-260x209.jpg\"><\/a><\/li><li class=\"\"><a href=\"#\"><img decoding=\"async\" class=\"uk-width-1-1\" src=\"https:\/\/www.litoterrazzi.it\/wp-content\/uploads\/2018\/02\/Anteprima-brossura-3-2-260x209.jpg\"><\/a><\/li><li class=\"\"><a href=\"#\"><img decoding=\"async\" class=\"uk-width-1-1\" src=\"https:\/\/www.litoterrazzi.it\/wp-content\/uploads\/2018\/02\/Anteprima-brossura-4-1-260x209.jpg\"><\/a><\/li><\/ul><\/div><div class=\"lt-works-preview-contents\"><ul class=\"uk-switcher\"><li class=\"lt-works-preview\" style=\"background-color: #f0f0f0\"><div class=\"uk-container\"><div class=\"uk-grid-collapse\" uk-grid><div class=\"uk-width-1-1\"><div class=\"lt-works-preview-image\"><img decoding=\"async\" class=\"uk-align-center\" src=\"https:\/\/www.litoterrazzi.it\/wp-content\/uploads\/2018\/02\/Brossura-1-1.jpg\" \/><\/div><\/div><\/div><\/div><\/li><li class=\"lt-works-preview\" style=\"background-color: #f0f0f0\"><div class=\"uk-container\"><div class=\"uk-grid-collapse\" uk-grid><div class=\"uk-width-1-1\"><div class=\"lt-works-preview-image\"><img decoding=\"async\" class=\"uk-align-center\" src=\"https:\/\/www.litoterrazzi.it\/wp-content\/uploads\/2018\/02\/Brossura-2-1.jpg\" \/><\/div><\/div><\/div><\/div><\/li><li class=\"lt-works-preview\" style=\"background-color: #f0f0f0\"><div class=\"uk-container\"><div class=\"uk-grid-collapse\" uk-grid><div class=\"uk-width-1-1\"><div class=\"lt-works-preview-image\"><img decoding=\"async\" class=\"uk-align-center\" src=\"https:\/\/www.litoterrazzi.it\/wp-content\/uploads\/2018\/02\/Brossura-3-1.jpg\" \/><\/div><\/div><\/div><\/div><\/li><li class=\"lt-works-preview\" style=\"background-color: #f0f0f0\"><div class=\"uk-container\"><div class=\"uk-grid-collapse\" uk-grid><div class=\"uk-width-1-1\"><div class=\"lt-works-preview-image\"><img decoding=\"async\" class=\"uk-align-center\" src=\"https:\/\/www.litoterrazzi.it\/wp-content\/uploads\/2018\/02\/Brossura-4-1.jpg\" \/><\/div><\/div><\/div><\/div><\/li><\/ul><\/div><\/div><\/div><\/div><\/div><\/div><\/div>","protected":false},"excerpt":{"rendered":"<p>Collane di pregio Libri fotografici<\/p>\n","protected":false},"author":1,"featured_media":1278,"parent":0,"menu_order":0,"comment_status":"closed","ping_status":"closed","template":"","meta":{"inline_featured_image":false,"footnotes":""},"class_list":["post-878","page","type-page","status-publish","has-post-thumbnail","hentry"],"yoast_head":"<!-- This site is optimized with the Yoast SEO plugin v27.4 - https:\/\/yoast.com\/product\/yoast-seo-wordpress\/ -->\n<title>Rilegatura Brossura e Brossura con bandelle - Stampa Libri Fotografici - Lito Terrazzi<\/title>\n<meta name=\"description\" content=\"La Rilegatura Brossura e Brossura con bandelle \u00e8 ideale per la produzione di collane di pregio e per la stampa di libri fotografici. Scopri di pi\u00f9 sui prodotti Lito Terrazzi!\" \/>\n<meta name=\"robots\" content=\"index, follow, max-snippet:-1, max-image-preview:large, max-video-preview:-1\" \/>\n<link rel=\"canonical\" href=\"https:\/\/www.litoterrazzi.it\/rilegatura-brossura-brossura-bandelle\/\" \/>\n<meta property=\"og:locale\" content=\"fr_FR\" \/>\n<meta property=\"og:type\" content=\"article\" \/>\n<meta property=\"og:title\" content=\"Rilegatura Brossura e Brossura con bandelle - Stampa Libri Fotografici - Lito Terrazzi\" \/>\n<meta property=\"og:description\" content=\"La Rilegatura Brossura e Brossura con bandelle \u00e8 ideale per la produzione di collane di pregio e per la stampa di libri fotografici. Scopri di pi\u00f9 sui prodotti Lito Terrazzi!\" \/>\n<meta property=\"og:url\" content=\"https:\/\/www.litoterrazzi.it\/rilegatura-brossura-brossura-bandelle\/\" \/>\n<meta property=\"og:site_name\" content=\"Lito Terrazzi\" \/>\n<meta property=\"article:modified_time\" content=\"2018-05-29T10:34:42+00:00\" \/>\n<meta property=\"og:image\" content=\"https:\/\/www.litoterrazzi.it\/wp-content\/uploads\/2018\/02\/hero-rilegatura_brossura.jpg\" \/>\n\t<meta property=\"og:image:width\" content=\"1400\" \/>\n\t<meta property=\"og:image:height\" content=\"436\" \/>\n\t<meta property=\"og:image:type\" content=\"image\/jpeg\" \/>\n<meta name=\"twitter:card\" content=\"summary_large_image\" \/>\n<script type=\"application\/ld+json\" class=\"yoast-schema-graph\">{\"@context\":\"https:\\\/\\\/schema.org\",\"@graph\":[{\"@type\":\"WebPage\",\"@id\":\"https:\\\/\\\/www.litoterrazzi.it\\\/rilegatura-brossura-brossura-bandelle\\\/\",\"url\":\"https:\\\/\\\/www.litoterrazzi.it\\\/rilegatura-brossura-brossura-bandelle\\\/\",\"name\":\"Rilegatura Brossura e Brossura con bandelle - Stampa Libri Fotografici - Lito Terrazzi\",\"isPartOf\":{\"@id\":\"https:\\\/\\\/www.litoterrazzi.it\\\/#website\"},\"primaryImageOfPage\":{\"@id\":\"https:\\\/\\\/www.litoterrazzi.it\\\/rilegatura-brossura-brossura-bandelle\\\/#primaryimage\"},\"image\":{\"@id\":\"https:\\\/\\\/www.litoterrazzi.it\\\/rilegatura-brossura-brossura-bandelle\\\/#primaryimage\"},\"thumbnailUrl\":\"https:\\\/\\\/www.litoterrazzi.it\\\/wp-content\\\/uploads\\\/2018\\\/02\\\/hero-rilegatura_brossura.jpg\",\"datePublished\":\"2018-02-12T08:59:33+00:00\",\"dateModified\":\"2018-05-29T10:34:42+00:00\",\"description\":\"La Rilegatura Brossura e Brossura con bandelle \u00e8 ideale per la produzione di collane di pregio e per la stampa di libri fotografici. Scopri di pi\u00f9 sui prodotti Lito Terrazzi!\",\"breadcrumb\":{\"@id\":\"https:\\\/\\\/www.litoterrazzi.it\\\/rilegatura-brossura-brossura-bandelle\\\/#breadcrumb\"},\"inLanguage\":\"fr-FR\",\"potentialAction\":[{\"@type\":\"ReadAction\",\"target\":[\"https:\\\/\\\/www.litoterrazzi.it\\\/rilegatura-brossura-brossura-bandelle\\\/\"]}]},{\"@type\":\"ImageObject\",\"inLanguage\":\"fr-FR\",\"@id\":\"https:\\\/\\\/www.litoterrazzi.it\\\/rilegatura-brossura-brossura-bandelle\\\/#primaryimage\",\"url\":\"https:\\\/\\\/www.litoterrazzi.it\\\/wp-content\\\/uploads\\\/2018\\\/02\\\/hero-rilegatura_brossura.jpg\",\"contentUrl\":\"https:\\\/\\\/www.litoterrazzi.it\\\/wp-content\\\/uploads\\\/2018\\\/02\\\/hero-rilegatura_brossura.jpg\",\"width\":1400,\"height\":436},{\"@type\":\"BreadcrumbList\",\"@id\":\"https:\\\/\\\/www.litoterrazzi.it\\\/rilegatura-brossura-brossura-bandelle\\\/#breadcrumb\",\"itemListElement\":[{\"@type\":\"ListItem\",\"position\":1,\"name\":\"Home\",\"item\":\"https:\\\/\\\/www.litoterrazzi.it\\\/fr\\\/\"},{\"@type\":\"ListItem\",\"position\":2,\"name\":\"Reliure broch\u00e9e et reliure broch\u00e9e dos carr\u00e9 coll\u00e9\"}]},{\"@type\":\"WebSite\",\"@id\":\"https:\\\/\\\/www.litoterrazzi.it\\\/#website\",\"url\":\"https:\\\/\\\/www.litoterrazzi.it\\\/\",\"name\":\"Lito Terrazzi\",\"description\":\"Qualit\u00e0. Innovazione. Versatilit\u00e0.\",\"publisher\":{\"@id\":\"https:\\\/\\\/www.litoterrazzi.it\\\/#organization\"},\"potentialAction\":[{\"@type\":\"SearchAction\",\"target\":{\"@type\":\"EntryPoint\",\"urlTemplate\":\"https:\\\/\\\/www.litoterrazzi.it\\\/?s={search_term_string}\"},\"query-input\":{\"@type\":\"PropertyValueSpecification\",\"valueRequired\":true,\"valueName\":\"search_term_string\"}}],\"inLanguage\":\"fr-FR\"},{\"@type\":\"Organization\",\"@id\":\"https:\\\/\\\/www.litoterrazzi.it\\\/#organization\",\"name\":\"Lito Terrazzi\",\"url\":\"https:\\\/\\\/www.litoterrazzi.it\\\/\",\"logo\":{\"@type\":\"ImageObject\",\"inLanguage\":\"fr-FR\",\"@id\":\"https:\\\/\\\/www.litoterrazzi.it\\\/#\\\/schema\\\/logo\\\/image\\\/\",\"url\":\"https:\\\/\\\/www.litoterrazzi.it\\\/wp-content\\\/uploads\\\/2024\\\/01\\\/logo_terrazzi.png\",\"contentUrl\":\"https:\\\/\\\/www.litoterrazzi.it\\\/wp-content\\\/uploads\\\/2024\\\/01\\\/logo_terrazzi.png\",\"width\":190,\"height\":65,\"caption\":\"Lito Terrazzi\"},\"image\":{\"@id\":\"https:\\\/\\\/www.litoterrazzi.it\\\/#\\\/schema\\\/logo\\\/image\\\/\"}}]}<\/script>\n<!-- \/ Yoast SEO plugin. -->","yoast_head_json":{"title":"Rilegatura Brossura e Brossura con bandelle - Stampa Libri Fotografici - Lito Terrazzi","description":"La Rilegatura Brossura e Brossura con bandelle \u00e8 ideale per la produzione di collane di pregio e per la stampa di libri fotografici. Scopri di pi\u00f9 sui prodotti Lito Terrazzi!","robots":{"index":"index","follow":"follow","max-snippet":"max-snippet:-1","max-image-preview":"max-image-preview:large","max-video-preview":"max-video-preview:-1"},"canonical":"https:\/\/www.litoterrazzi.it\/rilegatura-brossura-brossura-bandelle\/","og_locale":"fr_FR","og_type":"article","og_title":"Rilegatura Brossura e Brossura con bandelle - Stampa Libri Fotografici - Lito Terrazzi","og_description":"La Rilegatura Brossura e Brossura con bandelle \u00e8 ideale per la produzione di collane di pregio e per la stampa di libri fotografici. Scopri di pi\u00f9 sui prodotti Lito Terrazzi!","og_url":"https:\/\/www.litoterrazzi.it\/rilegatura-brossura-brossura-bandelle\/","og_site_name":"Lito Terrazzi","article_modified_time":"2018-05-29T10:34:42+00:00","og_image":[{"width":1400,"height":436,"url":"https:\/\/www.litoterrazzi.it\/wp-content\/uploads\/2018\/02\/hero-rilegatura_brossura.jpg","type":"image\/jpeg"}],"twitter_card":"summary_large_image","schema":{"@context":"https:\/\/schema.org","@graph":[{"@type":"WebPage","@id":"https:\/\/www.litoterrazzi.it\/rilegatura-brossura-brossura-bandelle\/","url":"https:\/\/www.litoterrazzi.it\/rilegatura-brossura-brossura-bandelle\/","name":"Rilegatura Brossura e Brossura con bandelle - Stampa Libri Fotografici - Lito Terrazzi","isPartOf":{"@id":"https:\/\/www.litoterrazzi.it\/#website"},"primaryImageOfPage":{"@id":"https:\/\/www.litoterrazzi.it\/rilegatura-brossura-brossura-bandelle\/#primaryimage"},"image":{"@id":"https:\/\/www.litoterrazzi.it\/rilegatura-brossura-brossura-bandelle\/#primaryimage"},"thumbnailUrl":"https:\/\/www.litoterrazzi.it\/wp-content\/uploads\/2018\/02\/hero-rilegatura_brossura.jpg","datePublished":"2018-02-12T08:59:33+00:00","dateModified":"2018-05-29T10:34:42+00:00","description":"La Rilegatura Brossura e Brossura con bandelle \u00e8 ideale per la produzione di collane di pregio e per la stampa di libri fotografici. Scopri di pi\u00f9 sui prodotti Lito Terrazzi!","breadcrumb":{"@id":"https:\/\/www.litoterrazzi.it\/rilegatura-brossura-brossura-bandelle\/#breadcrumb"},"inLanguage":"fr-FR","potentialAction":[{"@type":"ReadAction","target":["https:\/\/www.litoterrazzi.it\/rilegatura-brossura-brossura-bandelle\/"]}]},{"@type":"ImageObject","inLanguage":"fr-FR","@id":"https:\/\/www.litoterrazzi.it\/rilegatura-brossura-brossura-bandelle\/#primaryimage","url":"https:\/\/www.litoterrazzi.it\/wp-content\/uploads\/2018\/02\/hero-rilegatura_brossura.jpg","contentUrl":"https:\/\/www.litoterrazzi.it\/wp-content\/uploads\/2018\/02\/hero-rilegatura_brossura.jpg","width":1400,"height":436},{"@type":"BreadcrumbList","@id":"https:\/\/www.litoterrazzi.it\/rilegatura-brossura-brossura-bandelle\/#breadcrumb","itemListElement":[{"@type":"ListItem","position":1,"name":"Home","item":"https:\/\/www.litoterrazzi.it\/fr\/"},{"@type":"ListItem","position":2,"name":"Reliure broch\u00e9e et reliure broch\u00e9e dos carr\u00e9 coll\u00e9"}]},{"@type":"WebSite","@id":"https:\/\/www.litoterrazzi.it\/#website","url":"https:\/\/www.litoterrazzi.it\/","name":"Lito Terrazzi","description":"Qualit\u00e0. Innovazione. Versatilit\u00e0.","publisher":{"@id":"https:\/\/www.litoterrazzi.it\/#organization"},"potentialAction":[{"@type":"SearchAction","target":{"@type":"EntryPoint","urlTemplate":"https:\/\/www.litoterrazzi.it\/?s={search_term_string}"},"query-input":{"@type":"PropertyValueSpecification","valueRequired":true,"valueName":"search_term_string"}}],"inLanguage":"fr-FR"},{"@type":"Organization","@id":"https:\/\/www.litoterrazzi.it\/#organization","name":"Lito Terrazzi","url":"https:\/\/www.litoterrazzi.it\/","logo":{"@type":"ImageObject","inLanguage":"fr-FR","@id":"https:\/\/www.litoterrazzi.it\/#\/schema\/logo\/image\/","url":"https:\/\/www.litoterrazzi.it\/wp-content\/uploads\/2024\/01\/logo_terrazzi.png","contentUrl":"https:\/\/www.litoterrazzi.it\/wp-content\/uploads\/2024\/01\/logo_terrazzi.png","width":190,"height":65,"caption":"Lito Terrazzi"},"image":{"@id":"https:\/\/www.litoterrazzi.it\/#\/schema\/logo\/image\/"}}]}},"_links":{"self":[{"href":"https:\/\/www.litoterrazzi.it\/fr\/wp-json\/wp\/v2\/pages\/878","targetHints":{"allow":["GET"]}}],"collection":[{"href":"https:\/\/www.litoterrazzi.it\/fr\/wp-json\/wp\/v2\/pages"}],"about":[{"href":"https:\/\/www.litoterrazzi.it\/fr\/wp-json\/wp\/v2\/types\/page"}],"author":[{"embeddable":true,"href":"https:\/\/www.litoterrazzi.it\/fr\/wp-json\/wp\/v2\/users\/1"}],"replies":[{"embeddable":true,"href":"https:\/\/www.litoterrazzi.it\/fr\/wp-json\/wp\/v2\/comments?post=878"}],"version-history":[{"count":3,"href":"https:\/\/www.litoterrazzi.it\/fr\/wp-json\/wp\/v2\/pages\/878\/revisions"}],"predecessor-version":[{"id":881,"href":"https:\/\/www.litoterrazzi.it\/fr\/wp-json\/wp\/v2\/pages\/878\/revisions\/881"}],"wp:featuredmedia":[{"embeddable":true,"href":"https:\/\/www.litoterrazzi.it\/fr\/wp-json\/wp\/v2\/media\/1278"}],"wp:attachment":[{"href":"https:\/\/www.litoterrazzi.it\/fr\/wp-json\/wp\/v2\/media?parent=878"}],"curies":[{"name":"wp","href":"https:\/\/api.w.org\/{rel}","templated":true}]}}