{"id":873,"date":"2018-02-02T15:42:09","date_gmt":"2018-02-02T14:42:09","guid":{"rendered":"https:\/\/www.litoterrazzi.it\/contatti\/"},"modified":"2018-05-29T12:31:52","modified_gmt":"2018-05-29T10:31:52","slug":"contacts","status":"publish","type":"page","link":"https:\/\/www.litoterrazzi.it\/fr\/contacts\/","title":{"rendered":"Contacts"},"content":{"rendered":"<div id=\"pl-873\"  class=\"panel-layout\" ><div id=\"pg-873-0\"  class=\"panel-grid panel-has-style\" ><div class=\"panel-row-style panel-row-style-for-873-0\" ><div id=\"pgc-873-0-0\"  class=\"panel-grid-cell\" ><div id=\"panel-873-0-0-0\" class=\"so-panel widget widget_sow-headline panel-first-child panel-last-child\" data-index=\"0\" ><div\n\t\t\t\n\t\t\tclass=\"so-widget-sow-headline so-widget-sow-headline-default-80f5ad4c786c-873\"\n\t\t\t\n\t\t><div class=\"sow-headline-container \">\n\t\t\t\t\t\t\t<h1 class=\"sow-headline\">\n\t\t\t\t\t\tVous souhaitez en savoir plus sur nos produits\u00a0?\t\t\t\t\t\t<\/h1>\n\t\t\t\t\t\t<\/div>\n<\/div><\/div><\/div><\/div><\/div><div id=\"pg-873-1\"  class=\"panel-grid panel-has-style\" ><div class=\"siteorigin-panels-stretch panel-row-style panel-row-style-for-873-1\" data-stretch-type=\"full\" ><div id=\"pgc-873-1-0\"  class=\"panel-grid-cell\" ><div id=\"panel-873-1-0-0\" class=\"so-panel widget widget_sow-headline panel-first-child panel-last-child\" data-index=\"1\" ><div\n\t\t\t\n\t\t\tclass=\"so-widget-sow-headline so-widget-sow-headline-default-9a91b89eaf61-873\"\n\t\t\t\n\t\t><div class=\"sow-headline-container \">\n\t\t\t\t\t\t\t<p class=\"sow-headline\">\n\t\t\t\t\t\tAppelez le <strong>+39.0574.19203<\/strong> ou remplissez le formulaire ci-dessous\t\t\t\t\t\t<\/p>\n\t\t\t\t\t\t<\/div>\n<\/div><\/div><\/div><\/div><\/div><div id=\"pg-873-2\"  class=\"panel-grid panel-has-style\" ><div class=\"siteorigin-panels-stretch panel-row-style panel-row-style-for-873-2\" data-stretch-type=\"full\" ><div id=\"pgc-873-2-0\"  class=\"panel-grid-cell\" ><div id=\"panel-873-2-0-0\" class=\"so-panel widget widget_sow-editor panel-first-child panel-last-child\" data-index=\"2\" ><div\n\t\t\t\n\t\t\tclass=\"so-widget-sow-editor so-widget-sow-editor-base\"\n\t\t\t\n\t\t>\n<div class=\"siteorigin-widget-tinymce textwidget\">\n\t\n<div class=\"wpcf7 no-js\" id=\"wpcf7-f874-o1\" lang=\"it-IT\" dir=\"ltr\" data-wpcf7-id=\"874\">\n<div class=\"screen-reader-response\"><p role=\"status\" aria-live=\"polite\" aria-atomic=\"true\"><\/p> <ul><\/ul><\/div>\n<form action=\"\/fr\/wp-json\/wp\/v2\/pages\/873#wpcf7-f874-o1\" method=\"post\" class=\"wpcf7-form init\" aria-label=\"Modulo di contatto\" novalidate=\"novalidate\" data-status=\"init\">\n<fieldset class=\"hidden-fields-container\"><input type=\"hidden\" name=\"_wpcf7\" value=\"874\" \/><input type=\"hidden\" name=\"_wpcf7_version\" value=\"6.1.5\" \/><input type=\"hidden\" name=\"_wpcf7_locale\" value=\"it_IT\" \/><input type=\"hidden\" name=\"_wpcf7_unit_tag\" value=\"wpcf7-f874-o1\" \/><input type=\"hidden\" name=\"_wpcf7_container_post\" value=\"0\" \/><input type=\"hidden\" name=\"_wpcf7_posted_data_hash\" value=\"\" \/>\n<\/fieldset>\n<div class=\"uk-form uk-form-horizontal lt-form\">\n\t<div class=\"uk-grid-small\" uk-grid>\n\t\t<div class=\"uk-width-1-1 uk-width-1-2@m\">\n\t\t\t<p><label class=\"uk-form-label\">Pr\u00e9nom et nom de famille<\/label>\n\t\t\t<\/p>\n\t\t\t<div class=\"uk-form-controls\">\n\t\t\t\t<p><span class=\"wpcf7-form-control-wrap\" data-name=\"name-surname\"><input size=\"40\" maxlength=\"400\" class=\"wpcf7-form-control wpcf7-text wpcf7-validates-as-required uk-input\" aria-required=\"true\" aria-invalid=\"false\" value=\"\" type=\"text\" name=\"name-surname\" \/><\/span>\n\t\t\t\t<\/p>\n\t\t\t<\/div>\n\t\t<\/div>\n\t\t<div class=\"uk-width-1-1 uk-width-1-2@m\">\n\t\t\t<p><label class=\"uk-form-label\">Raison sociale<\/label>\n\t\t\t<\/p>\n\t\t\t<div class=\"uk-form-controls\">\n\t\t\t\t<p><span class=\"wpcf7-form-control-wrap\" data-name=\"company\"><input size=\"40\" maxlength=\"400\" class=\"wpcf7-form-control wpcf7-text wpcf7-validates-as-required uk-input\" aria-required=\"true\" aria-invalid=\"false\" value=\"\" type=\"text\" name=\"company\" \/><\/span>\n\t\t\t\t<\/p>\n\t\t\t<\/div>\n\t\t<\/div>\n\t\t<div class=\"uk-width-1-1 uk-width-1-2@m\">\n\t\t\t<p><label class=\"uk-form-label\">T\u00e9l\u00e9phone<\/label>\n\t\t\t<\/p>\n\t\t\t<div class=\"uk-form-controls\">\n\t\t\t\t<p><span class=\"wpcf7-form-control-wrap\" data-name=\"phone\"><input size=\"40\" maxlength=\"400\" class=\"wpcf7-form-control wpcf7-text wpcf7-validates-as-required uk-input\" aria-required=\"true\" aria-invalid=\"false\" value=\"\" type=\"text\" name=\"phone\" \/><\/span>\n\t\t\t\t<\/p>\n\t\t\t<\/div>\n\t\t<\/div>\n\t\t<div class=\"uk-width-1-1 uk-width-1-2@m\">\n\t\t\t<p><label class=\"uk-form-label\">E-mail<\/label>\n\t\t\t<\/p>\n\t\t\t<div class=\"uk-form-controls\">\n\t\t\t\t<p><span class=\"wpcf7-form-control-wrap\" data-name=\"email\"><input size=\"40\" maxlength=\"400\" class=\"wpcf7-form-control wpcf7-email wpcf7-validates-as-required wpcf7-text wpcf7-validates-as-email uk-input\" aria-required=\"true\" aria-invalid=\"false\" value=\"\" type=\"email\" name=\"email\" \/><\/span>\n\t\t\t\t<\/p>\n\t\t\t<\/div>\n\t\t<\/div>\n\t\t<div class=\"uk-width-1-1\">\n\t\t\t<p><label class=\"uk-form-label\">Message<\/label>\n\t\t\t<\/p>\n\t\t\t<div class=\"uk-form-controls\">\n\t\t\t\t<p><span class=\"wpcf7-form-control-wrap\" data-name=\"message\"><textarea cols=\"40\" rows=\"4\" maxlength=\"2000\" class=\"wpcf7-form-control wpcf7-textarea wpcf7-validates-as-required uk-textarea\" aria-required=\"true\" aria-invalid=\"false\" name=\"message\"><\/textarea><\/span>\n\t\t\t\t<\/p>\n\t\t\t<\/div>\n\t\t<\/div>\n\t\t<div class=\"uk-width-1-1 uk-width-3-5@m\">\n\t\t\t<div class=\"lt-form-privacy\">\n\t\t\t\t<p><span class=\"wpcf7-form-control-wrap\" data-name=\"privacy\"><span class=\"wpcf7-form-control wpcf7-checkbox wpcf7-validates-as-required lt-form-checkbox\"><span class=\"wpcf7-list-item first last\"><input type=\"checkbox\" name=\"privacy[]\" value=\"\" \/><span class=\"wpcf7-list-item-label\"><\/span><\/span><\/span><\/span> JJe d\u00e9clare avoir lu et compris <a href=\"https:\/\/www.litoterrazzi.it\/fr\/privacy-policy\/\">les informations sur le traitement des donn\u00e9es personnelles<\/a>\n\t\t\t\t<\/p>\n\t\t\t<\/div>\n\t\t<\/div>\n\t\t<div class=\"uk-width-1-1 uk-width-2-5@m\">\n\t\t\t<p><input class=\"wpcf7-form-control wpcf7-submit has-spinner uk-button uk-button-default uk-align-right\" type=\"submit\" value=\"ENVOYER\" \/>\n\t\t\t<\/p>\n\t\t<\/div>\n\t<\/div>\n<\/div><div class=\"wpcf7-response-output\" aria-hidden=\"true\"><\/div>\n<\/form>\n<\/div>\n\n<\/div>\n<\/div><\/div><\/div><\/div><\/div><div id=\"pg-873-3\"  class=\"panel-grid panel-has-style\" ><div class=\"lt-contact-cards uk-hidden panel-row-style panel-row-style-for-873-3\" ><div id=\"pgc-873-3-0\"  class=\"panel-grid-cell\" ><div class=\"panel-cell-style panel-cell-style-for-873-3-0\" ><div id=\"panel-873-3-0-0\" class=\"so-panel widget widget_sow-headline panel-first-child\" data-index=\"3\" ><div class=\"panel-widget-style panel-widget-style-for-873-3-0-0\" ><div\n\t\t\t\n\t\t\tclass=\"so-widget-sow-headline so-widget-sow-headline-default-61d8250acce3-873\"\n\t\t\t\n\t\t><div class=\"sow-headline-container \">\n\t\t\t\t\t\t\t<h2 class=\"sow-headline\">\n\t\t\t\t\t\tAmministrazione\t\t\t\t\t\t<\/h2>\n\t\t\t\t\t\t<\/div>\n<\/div><\/div><\/div><div id=\"panel-873-3-0-1\" class=\"so-panel widget widget_sow-headline\" data-index=\"4\" ><div class=\"panel-widget-style panel-widget-style-for-873-3-0-1\" ><div\n\t\t\t\n\t\t\tclass=\"so-widget-sow-headline so-widget-sow-headline-default-f1759c8368ac-873\"\n\t\t\t\n\t\t><div class=\"sow-headline-container \">\n\t\t\t\t\t\t\t<p class=\"sow-headline\">\n\t\t\t\t\t\t9.00-13.00  |  15.00-19.00\t\t\t\t\t\t<\/p>\n\t\t\t\t\t\t\t\t\t\t\t<div class=\"decoration\">\n\t\t\t\t\t\t<div class=\"decoration-inside\"><\/div>\n\t\t\t\t\t<\/div>\n\t\t\t\t\t<\/div>\n<\/div><\/div><\/div><div id=\"panel-873-3-0-2\" class=\"so-panel widget widget_sow-headline\" data-index=\"5\" ><div class=\"panel-widget-style panel-widget-style-for-873-3-0-2\" ><div\n\t\t\t\n\t\t\tclass=\"so-widget-sow-headline so-widget-sow-headline-default-f1759c8368ac-873\"\n\t\t\t\n\t\t><div class=\"sow-headline-container \">\n\t\t\t\t\t\t\t<p class=\"sow-headline\">\n\t\t\t\t\t\tmail@litoterrazzi.it\t\t\t\t\t\t<\/p>\n\t\t\t\t\t\t\t\t\t\t\t<div class=\"decoration\">\n\t\t\t\t\t\t<div class=\"decoration-inside\"><\/div>\n\t\t\t\t\t<\/div>\n\t\t\t\t\t<\/div>\n<\/div><\/div><\/div><div id=\"panel-873-3-0-3\" class=\"so-panel widget widget_sow-headline panel-last-child\" data-index=\"6\" ><div class=\"panel-widget-style panel-widget-style-for-873-3-0-3\" ><div\n\t\t\t\n\t\t\tclass=\"so-widget-sow-headline so-widget-sow-headline-default-024aacb06575-873\"\n\t\t\t\n\t\t><div class=\"sow-headline-container \">\n\t\t\t\t\t\t\t<p class=\"sow-headline\">\n\t\t\t\t\t\t+39 000.1234567\t\t\t\t\t\t<\/p>\n\t\t\t\t\t\t<\/div>\n<\/div><\/div><\/div><\/div><\/div><div id=\"pgc-873-3-1\"  class=\"panel-grid-cell\" ><div class=\"panel-cell-style panel-cell-style-for-873-3-1\" ><div id=\"panel-873-3-1-0\" class=\"so-panel widget widget_sow-headline panel-first-child\" data-index=\"7\" ><div class=\"panel-widget-style panel-widget-style-for-873-3-1-0\" ><div\n\t\t\t\n\t\t\tclass=\"so-widget-sow-headline so-widget-sow-headline-default-61d8250acce3-873\"\n\t\t\t\n\t\t><div class=\"sow-headline-container \">\n\t\t\t\t\t\t\t<h2 class=\"sow-headline\">\n\t\t\t\t\t\tInformazioni sui prodotti  e stato degli ordini\t\t\t\t\t\t<\/h2>\n\t\t\t\t\t\t<\/div>\n<\/div><\/div><\/div><div id=\"panel-873-3-1-1\" class=\"so-panel widget widget_sow-headline\" data-index=\"8\" ><div class=\"panel-widget-style panel-widget-style-for-873-3-1-1\" ><div\n\t\t\t\n\t\t\tclass=\"so-widget-sow-headline so-widget-sow-headline-default-f1759c8368ac-873\"\n\t\t\t\n\t\t><div class=\"sow-headline-container \">\n\t\t\t\t\t\t\t<p class=\"sow-headline\">\n\t\t\t\t\t\t9.00-13.00  |  15.00-19.00\t\t\t\t\t\t<\/p>\n\t\t\t\t\t\t\t\t\t\t\t<div class=\"decoration\">\n\t\t\t\t\t\t<div class=\"decoration-inside\"><\/div>\n\t\t\t\t\t<\/div>\n\t\t\t\t\t<\/div>\n<\/div><\/div><\/div><div id=\"panel-873-3-1-2\" class=\"so-panel widget widget_sow-headline\" data-index=\"9\" ><div class=\"panel-widget-style panel-widget-style-for-873-3-1-2\" ><div\n\t\t\t\n\t\t\tclass=\"so-widget-sow-headline so-widget-sow-headline-default-f1759c8368ac-873\"\n\t\t\t\n\t\t><div class=\"sow-headline-container \">\n\t\t\t\t\t\t\t<p class=\"sow-headline\">\n\t\t\t\t\t\tmail@litoterrazzi.it\t\t\t\t\t\t<\/p>\n\t\t\t\t\t\t\t\t\t\t\t<div class=\"decoration\">\n\t\t\t\t\t\t<div class=\"decoration-inside\"><\/div>\n\t\t\t\t\t<\/div>\n\t\t\t\t\t<\/div>\n<\/div><\/div><\/div><div id=\"panel-873-3-1-3\" class=\"so-panel widget widget_sow-headline panel-last-child\" data-index=\"10\" ><div class=\"panel-widget-style panel-widget-style-for-873-3-1-3\" ><div\n\t\t\t\n\t\t\tclass=\"so-widget-sow-headline so-widget-sow-headline-default-024aacb06575-873\"\n\t\t\t\n\t\t><div class=\"sow-headline-container \">\n\t\t\t\t\t\t\t<p class=\"sow-headline\">\n\t\t\t\t\t\t+39 000.1234567\t\t\t\t\t\t<\/p>\n\t\t\t\t\t\t<\/div>\n<\/div><\/div><\/div><\/div><\/div><div id=\"pgc-873-3-2\"  class=\"panel-grid-cell\" ><div class=\"panel-cell-style panel-cell-style-for-873-3-2\" ><div id=\"panel-873-3-2-0\" class=\"so-panel widget widget_sow-headline panel-first-child\" data-index=\"11\" ><div class=\"panel-widget-style panel-widget-style-for-873-3-2-0\" ><div\n\t\t\t\n\t\t\tclass=\"so-widget-sow-headline so-widget-sow-headline-default-61d8250acce3-873\"\n\t\t\t\n\t\t><div class=\"sow-headline-container \">\n\t\t\t\t\t\t\t<h2 class=\"sow-headline\">\n\t\t\t\t\t\tAssistenza tecnica\t\t\t\t\t\t<\/h2>\n\t\t\t\t\t\t<\/div>\n<\/div><\/div><\/div><div id=\"panel-873-3-2-1\" class=\"so-panel widget widget_sow-headline\" data-index=\"12\" ><div class=\"panel-widget-style panel-widget-style-for-873-3-2-1\" ><div\n\t\t\t\n\t\t\tclass=\"so-widget-sow-headline so-widget-sow-headline-default-f1759c8368ac-873\"\n\t\t\t\n\t\t><div class=\"sow-headline-container \">\n\t\t\t\t\t\t\t<p class=\"sow-headline\">\n\t\t\t\t\t\t9.00-13.00  |  15.00-19.00\t\t\t\t\t\t<\/p>\n\t\t\t\t\t\t\t\t\t\t\t<div class=\"decoration\">\n\t\t\t\t\t\t<div class=\"decoration-inside\"><\/div>\n\t\t\t\t\t<\/div>\n\t\t\t\t\t<\/div>\n<\/div><\/div><\/div><div id=\"panel-873-3-2-2\" class=\"so-panel widget widget_sow-headline\" data-index=\"13\" ><div class=\"panel-widget-style panel-widget-style-for-873-3-2-2\" ><div\n\t\t\t\n\t\t\tclass=\"so-widget-sow-headline so-widget-sow-headline-default-f1759c8368ac-873\"\n\t\t\t\n\t\t><div class=\"sow-headline-container \">\n\t\t\t\t\t\t\t<p class=\"sow-headline\">\n\t\t\t\t\t\tmail@litoterrazzi.it\t\t\t\t\t\t<\/p>\n\t\t\t\t\t\t\t\t\t\t\t<div class=\"decoration\">\n\t\t\t\t\t\t<div class=\"decoration-inside\"><\/div>\n\t\t\t\t\t<\/div>\n\t\t\t\t\t<\/div>\n<\/div><\/div><\/div><div id=\"panel-873-3-2-3\" class=\"so-panel widget widget_sow-headline panel-last-child\" data-index=\"14\" ><div class=\"panel-widget-style panel-widget-style-for-873-3-2-3\" ><div\n\t\t\t\n\t\t\tclass=\"so-widget-sow-headline so-widget-sow-headline-default-024aacb06575-873\"\n\t\t\t\n\t\t><div class=\"sow-headline-container \">\n\t\t\t\t\t\t\t<p class=\"sow-headline\">\n\t\t\t\t\t\t+39 000.1234567\t\t\t\t\t\t<\/p>\n\t\t\t\t\t\t<\/div>\n<\/div><\/div><\/div><\/div><\/div><\/div><\/div><\/div>","protected":false},"excerpt":{"rendered":"<p>Vous souhaitez en savoir plus sur nos produits\u00a0? Appelez le +39.0574.19203 ou remplissez le formulaire ci-dessous Pr\u00e9nom et nom de famille Raison sociale T\u00e9l\u00e9phone E-mail Message JJe d\u00e9clare avoir lu et compris les informations sur le traitement des donn\u00e9es personnelles Amministrazione 9.00-13.00 | 15.00-19.00 mail@litoterrazzi.it +39 000.1234567 Informazioni sui prodotti e stato degli ordini 9.00-13.00 [&hellip;]<\/p>\n","protected":false},"author":1,"featured_media":1512,"parent":0,"menu_order":0,"comment_status":"closed","ping_status":"closed","template":"page-templates\/template-footer_only_footer.php","meta":{"inline_featured_image":false,"footnotes":""},"class_list":["post-873","page","type-page","status-publish","has-post-thumbnail","hentry"],"yoast_head":"<!-- This site is optimized with the Yoast SEO plugin v27.4 - https:\/\/yoast.com\/product\/yoast-seo-wordpress\/ -->\n<title>Contatti - Lito Terrazzi - Stampa Cataloghi e Libri Fotografici - Prato<\/title>\n<meta name=\"description\" content=\"Vuoi maggiori informazioni sui nostri prodotti e servizi sulla nostra azienda grafica di Firenze? Compila il modulo in questa pagina o chiama lo +39.0574.19203.\" \/>\n<meta name=\"robots\" content=\"index, follow, max-snippet:-1, max-image-preview:large, max-video-preview:-1\" \/>\n<link rel=\"canonical\" href=\"https:\/\/www.litoterrazzi.it\/contatti\/\" \/>\n<meta property=\"og:locale\" content=\"fr_FR\" \/>\n<meta property=\"og:type\" content=\"article\" \/>\n<meta property=\"og:title\" content=\"Contatti - Lito Terrazzi - Stampa Cataloghi e Libri Fotografici - Prato\" \/>\n<meta property=\"og:description\" content=\"Vuoi maggiori informazioni sui nostri prodotti e servizi sulla nostra azienda grafica di Firenze? Compila il modulo in questa pagina o chiama lo +39.0574.19203.\" \/>\n<meta property=\"og:url\" content=\"https:\/\/www.litoterrazzi.it\/contatti\/\" \/>\n<meta property=\"og:site_name\" content=\"Lito Terrazzi\" \/>\n<meta property=\"article:modified_time\" content=\"2018-05-29T10:31:52+00:00\" \/>\n<meta property=\"og:image\" content=\"https:\/\/www.litoterrazzi.it\/wp-content\/uploads\/2018\/05\/header-contatti-new.jpg\" \/>\n\t<meta property=\"og:image:width\" content=\"1400\" \/>\n\t<meta property=\"og:image:height\" content=\"437\" \/>\n\t<meta property=\"og:image:type\" content=\"image\/jpeg\" \/>\n<meta name=\"twitter:card\" content=\"summary_large_image\" \/>\n<meta name=\"twitter:label1\" content=\"Dur\u00e9e de lecture estim\u00e9e\" \/>\n\t<meta name=\"twitter:data1\" content=\"1 minute\" \/>\n<script type=\"application\/ld+json\" class=\"yoast-schema-graph\">{\"@context\":\"https:\\\/\\\/schema.org\",\"@graph\":[{\"@type\":\"WebPage\",\"@id\":\"https:\\\/\\\/www.litoterrazzi.it\\\/contatti\\\/\",\"url\":\"https:\\\/\\\/www.litoterrazzi.it\\\/contatti\\\/\",\"name\":\"Contatti - Lito Terrazzi - Stampa Cataloghi e Libri Fotografici - Prato\",\"isPartOf\":{\"@id\":\"https:\\\/\\\/www.litoterrazzi.it\\\/#website\"},\"primaryImageOfPage\":{\"@id\":\"https:\\\/\\\/www.litoterrazzi.it\\\/contatti\\\/#primaryimage\"},\"image\":{\"@id\":\"https:\\\/\\\/www.litoterrazzi.it\\\/contatti\\\/#primaryimage\"},\"thumbnailUrl\":\"https:\\\/\\\/www.litoterrazzi.it\\\/wp-content\\\/uploads\\\/2018\\\/05\\\/header-contatti-new.jpg\",\"datePublished\":\"2018-02-02T14:42:09+00:00\",\"dateModified\":\"2018-05-29T10:31:52+00:00\",\"description\":\"Vuoi maggiori informazioni sui nostri prodotti e servizi sulla nostra azienda grafica di Firenze? Compila il modulo in questa pagina o chiama lo +39.0574.19203.\",\"breadcrumb\":{\"@id\":\"https:\\\/\\\/www.litoterrazzi.it\\\/contatti\\\/#breadcrumb\"},\"inLanguage\":\"fr-FR\",\"potentialAction\":[{\"@type\":\"ReadAction\",\"target\":[\"https:\\\/\\\/www.litoterrazzi.it\\\/contatti\\\/\"]}]},{\"@type\":\"ImageObject\",\"inLanguage\":\"fr-FR\",\"@id\":\"https:\\\/\\\/www.litoterrazzi.it\\\/contatti\\\/#primaryimage\",\"url\":\"https:\\\/\\\/www.litoterrazzi.it\\\/wp-content\\\/uploads\\\/2018\\\/05\\\/header-contatti-new.jpg\",\"contentUrl\":\"https:\\\/\\\/www.litoterrazzi.it\\\/wp-content\\\/uploads\\\/2018\\\/05\\\/header-contatti-new.jpg\",\"width\":1400,\"height\":437},{\"@type\":\"BreadcrumbList\",\"@id\":\"https:\\\/\\\/www.litoterrazzi.it\\\/contatti\\\/#breadcrumb\",\"itemListElement\":[{\"@type\":\"ListItem\",\"position\":1,\"name\":\"Home\",\"item\":\"https:\\\/\\\/www.litoterrazzi.it\\\/fr\\\/\"},{\"@type\":\"ListItem\",\"position\":2,\"name\":\"Contacts\"}]},{\"@type\":\"WebSite\",\"@id\":\"https:\\\/\\\/www.litoterrazzi.it\\\/#website\",\"url\":\"https:\\\/\\\/www.litoterrazzi.it\\\/\",\"name\":\"Lito Terrazzi\",\"description\":\"Qualit\u00e0. Innovazione. Versatilit\u00e0.\",\"publisher\":{\"@id\":\"https:\\\/\\\/www.litoterrazzi.it\\\/#organization\"},\"potentialAction\":[{\"@type\":\"SearchAction\",\"target\":{\"@type\":\"EntryPoint\",\"urlTemplate\":\"https:\\\/\\\/www.litoterrazzi.it\\\/?s={search_term_string}\"},\"query-input\":{\"@type\":\"PropertyValueSpecification\",\"valueRequired\":true,\"valueName\":\"search_term_string\"}}],\"inLanguage\":\"fr-FR\"},{\"@type\":\"Organization\",\"@id\":\"https:\\\/\\\/www.litoterrazzi.it\\\/#organization\",\"name\":\"Lito Terrazzi\",\"url\":\"https:\\\/\\\/www.litoterrazzi.it\\\/\",\"logo\":{\"@type\":\"ImageObject\",\"inLanguage\":\"fr-FR\",\"@id\":\"https:\\\/\\\/www.litoterrazzi.it\\\/#\\\/schema\\\/logo\\\/image\\\/\",\"url\":\"https:\\\/\\\/www.litoterrazzi.it\\\/wp-content\\\/uploads\\\/2024\\\/01\\\/logo_terrazzi.png\",\"contentUrl\":\"https:\\\/\\\/www.litoterrazzi.it\\\/wp-content\\\/uploads\\\/2024\\\/01\\\/logo_terrazzi.png\",\"width\":190,\"height\":65,\"caption\":\"Lito Terrazzi\"},\"image\":{\"@id\":\"https:\\\/\\\/www.litoterrazzi.it\\\/#\\\/schema\\\/logo\\\/image\\\/\"}}]}<\/script>\n<!-- \/ Yoast SEO plugin. -->","yoast_head_json":{"title":"Contatti - Lito Terrazzi - Stampa Cataloghi e Libri Fotografici - Prato","description":"Vuoi maggiori informazioni sui nostri prodotti e servizi sulla nostra azienda grafica di Firenze? Compila il modulo in questa pagina o chiama lo +39.0574.19203.","robots":{"index":"index","follow":"follow","max-snippet":"max-snippet:-1","max-image-preview":"max-image-preview:large","max-video-preview":"max-video-preview:-1"},"canonical":"https:\/\/www.litoterrazzi.it\/contatti\/","og_locale":"fr_FR","og_type":"article","og_title":"Contatti - Lito Terrazzi - Stampa Cataloghi e Libri Fotografici - Prato","og_description":"Vuoi maggiori informazioni sui nostri prodotti e servizi sulla nostra azienda grafica di Firenze? Compila il modulo in questa pagina o chiama lo +39.0574.19203.","og_url":"https:\/\/www.litoterrazzi.it\/contatti\/","og_site_name":"Lito Terrazzi","article_modified_time":"2018-05-29T10:31:52+00:00","og_image":[{"width":1400,"height":437,"url":"https:\/\/www.litoterrazzi.it\/wp-content\/uploads\/2018\/05\/header-contatti-new.jpg","type":"image\/jpeg"}],"twitter_card":"summary_large_image","twitter_misc":{"Dur\u00e9e de lecture estim\u00e9e":"1 minute"},"schema":{"@context":"https:\/\/schema.org","@graph":[{"@type":"WebPage","@id":"https:\/\/www.litoterrazzi.it\/contatti\/","url":"https:\/\/www.litoterrazzi.it\/contatti\/","name":"Contatti - Lito Terrazzi - Stampa Cataloghi e Libri Fotografici - Prato","isPartOf":{"@id":"https:\/\/www.litoterrazzi.it\/#website"},"primaryImageOfPage":{"@id":"https:\/\/www.litoterrazzi.it\/contatti\/#primaryimage"},"image":{"@id":"https:\/\/www.litoterrazzi.it\/contatti\/#primaryimage"},"thumbnailUrl":"https:\/\/www.litoterrazzi.it\/wp-content\/uploads\/2018\/05\/header-contatti-new.jpg","datePublished":"2018-02-02T14:42:09+00:00","dateModified":"2018-05-29T10:31:52+00:00","description":"Vuoi maggiori informazioni sui nostri prodotti e servizi sulla nostra azienda grafica di Firenze? Compila il modulo in questa pagina o chiama lo +39.0574.19203.","breadcrumb":{"@id":"https:\/\/www.litoterrazzi.it\/contatti\/#breadcrumb"},"inLanguage":"fr-FR","potentialAction":[{"@type":"ReadAction","target":["https:\/\/www.litoterrazzi.it\/contatti\/"]}]},{"@type":"ImageObject","inLanguage":"fr-FR","@id":"https:\/\/www.litoterrazzi.it\/contatti\/#primaryimage","url":"https:\/\/www.litoterrazzi.it\/wp-content\/uploads\/2018\/05\/header-contatti-new.jpg","contentUrl":"https:\/\/www.litoterrazzi.it\/wp-content\/uploads\/2018\/05\/header-contatti-new.jpg","width":1400,"height":437},{"@type":"BreadcrumbList","@id":"https:\/\/www.litoterrazzi.it\/contatti\/#breadcrumb","itemListElement":[{"@type":"ListItem","position":1,"name":"Home","item":"https:\/\/www.litoterrazzi.it\/fr\/"},{"@type":"ListItem","position":2,"name":"Contacts"}]},{"@type":"WebSite","@id":"https:\/\/www.litoterrazzi.it\/#website","url":"https:\/\/www.litoterrazzi.it\/","name":"Lito Terrazzi","description":"Qualit\u00e0. Innovazione. Versatilit\u00e0.","publisher":{"@id":"https:\/\/www.litoterrazzi.it\/#organization"},"potentialAction":[{"@type":"SearchAction","target":{"@type":"EntryPoint","urlTemplate":"https:\/\/www.litoterrazzi.it\/?s={search_term_string}"},"query-input":{"@type":"PropertyValueSpecification","valueRequired":true,"valueName":"search_term_string"}}],"inLanguage":"fr-FR"},{"@type":"Organization","@id":"https:\/\/www.litoterrazzi.it\/#organization","name":"Lito Terrazzi","url":"https:\/\/www.litoterrazzi.it\/","logo":{"@type":"ImageObject","inLanguage":"fr-FR","@id":"https:\/\/www.litoterrazzi.it\/#\/schema\/logo\/image\/","url":"https:\/\/www.litoterrazzi.it\/wp-content\/uploads\/2024\/01\/logo_terrazzi.png","contentUrl":"https:\/\/www.litoterrazzi.it\/wp-content\/uploads\/2024\/01\/logo_terrazzi.png","width":190,"height":65,"caption":"Lito Terrazzi"},"image":{"@id":"https:\/\/www.litoterrazzi.it\/#\/schema\/logo\/image\/"}}]}},"_links":{"self":[{"href":"https:\/\/www.litoterrazzi.it\/fr\/wp-json\/wp\/v2\/pages\/873","targetHints":{"allow":["GET"]}}],"collection":[{"href":"https:\/\/www.litoterrazzi.it\/fr\/wp-json\/wp\/v2\/pages"}],"about":[{"href":"https:\/\/www.litoterrazzi.it\/fr\/wp-json\/wp\/v2\/types\/page"}],"author":[{"embeddable":true,"href":"https:\/\/www.litoterrazzi.it\/fr\/wp-json\/wp\/v2\/users\/1"}],"replies":[{"embeddable":true,"href":"https:\/\/www.litoterrazzi.it\/fr\/wp-json\/wp\/v2\/comments?post=873"}],"version-history":[{"count":3,"href":"https:\/\/www.litoterrazzi.it\/fr\/wp-json\/wp\/v2\/pages\/873\/revisions"}],"predecessor-version":[{"id":877,"href":"https:\/\/www.litoterrazzi.it\/fr\/wp-json\/wp\/v2\/pages\/873\/revisions\/877"}],"wp:featuredmedia":[{"embeddable":true,"href":"https:\/\/www.litoterrazzi.it\/fr\/wp-json\/wp\/v2\/media\/1512"}],"wp:attachment":[{"href":"https:\/\/www.litoterrazzi.it\/fr\/wp-json\/wp\/v2\/media?parent=873"}],"curies":[{"name":"wp","href":"https:\/\/api.w.org\/{rel}","templated":true}]}}