{"id":865,"date":"2018-02-05T15:29:50","date_gmt":"2018-02-05T14:29:50","guid":{"rendered":"https:\/\/www.litoterrazzi.it\/tecnologie-stampa-digitale-legatoria\/"},"modified":"2022-10-20T14:35:41","modified_gmt":"2022-10-20T12:35:41","slug":"technologies-innovation-polyvalence","status":"publish","type":"page","link":"https:\/\/www.litoterrazzi.it\/fr\/technologies-innovation-polyvalence\/","title":{"rendered":"Technologies, Innovation, Polyvalence"},"content":{"rendered":"<div id=\"pl-865\"  class=\"panel-layout\" ><div id=\"pg-865-0\"  class=\"panel-grid panel-no-style\" ><div id=\"pgc-865-0-0\"  class=\"panel-grid-cell\" ><div id=\"panel-865-0-0-0\" class=\"so-panel widget widget_sow-headline panel-first-child\" data-index=\"0\" ><div class=\"panel-widget-style panel-widget-style-for-865-0-0-0\" ><div\n\t\t\t\n\t\t\tclass=\"so-widget-sow-headline so-widget-sow-headline-default-6b52635ceda7-865\"\n\t\t\t\n\t\t><div class=\"sow-headline-container \">\n\t\t\t\t\t\t\t<h1 class=\"sow-headline\">\n\t\t\t\t\t\tNos technologies\t\t\t\t\t\t<\/h1>\n\t\t\t\t\t\t<\/div>\n<\/div><\/div><\/div><div id=\"panel-865-0-0-1\" class=\"so-panel widget widget_sow-tabs panel-last-child\" data-index=\"1\" ><div class=\"lt-tabs-widget panel-widget-style panel-widget-style-for-865-0-0-1\" ><div\n\t\t\t\n\t\t\tclass=\"so-widget-sow-tabs so-widget-sow-tabs-default-de6b8565b04f-865\"\n\t\t\t\n\t\t><div class=\"sow-tabs\">\n\t<div class=\"sow-tabs-tab-container\" role=\"tablist\">\n\t\t\t<div\n\t\t\tclass=\"sow-tabs-tab\n\t\t\t sow-tabs-tab-selected\t\t\t\"\n\t\t\trole=\"tab\"\n\t\t\tdata-anchor-id=\"prepresse\"\n\t\t\taria-selected=\"true\"\n\t\t\ttabindex=\"0\"\n\t\t>\n\t\t\t<div class=\"sow-tabs-title sow-tabs-title-icon-left\">\n\t\t\t\t\t\t\t\tPr\u00e9presse\t\t\t\t\t\t\t<\/div>\n\t\t<\/div>\n\t\t\t<div\n\t\t\tclass=\"sow-tabs-tab\n\t\t\t\t\t\t\"\n\t\t\trole=\"tab\"\n\t\t\tdata-anchor-id=\"impression\"\n\t\t\taria-selected=\"false\"\n\t\t\ttabindex=\"0\"\n\t\t>\n\t\t\t<div class=\"sow-tabs-title sow-tabs-title-icon-left\">\n\t\t\t\t\t\t\t\tImpression\t\t\t\t\t\t\t<\/div>\n\t\t<\/div>\n\t\t\t<div\n\t\t\tclass=\"sow-tabs-tab\n\t\t\t\t\t\t\"\n\t\t\trole=\"tab\"\n\t\t\tdata-anchor-id=\"impression-numerique\"\n\t\t\taria-selected=\"false\"\n\t\t\ttabindex=\"0\"\n\t\t>\n\t\t\t<div class=\"sow-tabs-title sow-tabs-title-icon-left\">\n\t\t\t\t\t\t\t\tImpression num\u00e9rique\t\t\t\t\t\t\t<\/div>\n\t\t<\/div>\n\t\t\t<div\n\t\t\tclass=\"sow-tabs-tab\n\t\t\t\t\t\t\"\n\t\t\trole=\"tab\"\n\t\t\tdata-anchor-id=\"reliure\"\n\t\t\taria-selected=\"false\"\n\t\t\ttabindex=\"0\"\n\t\t>\n\t\t\t<div class=\"sow-tabs-title sow-tabs-title-icon-left\">\n\t\t\t\t\t\t\t\tReliure\t\t\t\t\t\t\t<\/div>\n\t\t<\/div>\n\t\t<\/div>\n\n\t<div class=\"sow-tabs-panel-container\">\n\t\t\t<div class=\"sow-tabs-panel\">\n\t\t\t<div\n\t\t\t\tclass=\"sow-tabs-panel-content\"\n\t\t\t\trole=\"tabpanel\"\n\t\t\t\taria-hidden=\"false\"\n\t\t\t>\n\t\t\t\t<img loading=\"lazy\" decoding=\"async\" class=\"uk-border-circle alignright wp-image-642 size-lter_circle_thumbnail\" src=\"https:\/\/www.litoterrazzi.it\/wp-content\/uploads\/2018\/05\/tecnologie-fotolito-new-214x214.jpg\" alt=\"\" width=\"214\" height=\"214\" srcset=\"https:\/\/www.litoterrazzi.it\/wp-content\/uploads\/2018\/05\/tecnologie-fotolito-new-214x214.jpg 214w, https:\/\/www.litoterrazzi.it\/wp-content\/uploads\/2018\/05\/tecnologie-fotolito-new-150x150.jpg 150w, https:\/\/www.litoterrazzi.it\/wp-content\/uploads\/2018\/05\/tecnologie-fotolito-new-300x300.jpg 300w, https:\/\/www.litoterrazzi.it\/wp-content\/uploads\/2018\/05\/tecnologie-fotolito-new.jpg 600w\" sizes=\"auto, (max-width: 214px) 100vw, 214px\" \/>\n<ul>\n \t<li><strong>1 CTP CREO<\/strong> Trendsetter 5467V<\/li>\n \t<li><strong>1 CTP AMSKY<\/strong><\/li>\n \t<li><strong>1 Work flow APOGEE AGFA<\/strong>, avec possibilit\u00e9 de contr\u00f4le de la cyanographie en ligne <\/li>\n \t<li><strong>1 imprimante<\/strong> <strong>Epson 7880<\/strong> pour des tests de couleur certifi\u00e9s selon FOGRA 39\/51<\/li>\n \t<li><strong>2 traceurs HP 5000<\/strong> pour cyan num\u00e9riques en couleurs<\/li>\n<\/ul>\t\t\t<\/div>\n\t\t<\/div>\n\t\t\t<div class=\"sow-tabs-panel\">\n\t\t\t<div\n\t\t\t\tclass=\"sow-tabs-panel-content\"\n\t\t\t\trole=\"tabpanel\"\n\t\t\t\taria-hidden=\"true\"\n\t\t\t>\n\t\t\t\t<img loading=\"lazy\" decoding=\"async\" class=\"uk-border-circle alignright wp-image-644 size-lter_circle_thumbnail\" src=\"https:\/\/www.litoterrazzi.it\/wp-content\/uploads\/2018\/05\/tecnologie-stampa-new-214x214.jpg\" alt=\"\" width=\"214\" height=\"214\" srcset=\"https:\/\/www.litoterrazzi.it\/wp-content\/uploads\/2018\/05\/tecnologie-stampa-new-214x214.jpg 214w, https:\/\/www.litoterrazzi.it\/wp-content\/uploads\/2018\/05\/tecnologie-stampa-new-150x150.jpg 150w, https:\/\/www.litoterrazzi.it\/wp-content\/uploads\/2018\/05\/tecnologie-stampa-new-300x300.jpg 300w, https:\/\/www.litoterrazzi.it\/wp-content\/uploads\/2018\/05\/tecnologie-stampa-new.jpg 600w\" sizes=\"auto, (max-width: 214px) 100vw, 214px\" \/>\n<ul>\n \t<li><strong>4 machines KBA Offset rapide 162\/A<\/strong>, 4\u00a0couleurs, format 120 x 162 cm, vitesse d\u2019impression 13000 f\/h<\/li>\n \t<li><strong>2 machines offset, Komori LS840HP 8 couleurs <\/strong> b\/v, format 70 x 100 cm, vitesse d'impression en b\/v 15000 f\/h <\/li>\n<\/ul>\n<h3>Toutes les machines sont \u00e9quip\u00e9es de:<\/h3>\n<ul>\n \t<li><strong>APC<\/strong> (Automatic Plate Changer) - changement de plaque automatique <\/li>\n \t<li><strong>ACR<\/strong> (Automatic Camera Register) - registre automatique<\/li>\n \t<li><strong>Densitronic S avec r\u00e9glage spectral<\/strong>, il garantit une qualit\u00e9 d\u2019impression et une densit\u00e9 de couleur conformes aux normes internationales et permet d\u2019obtenir la m\u00eame tonalit\u00e9 et densit\u00e9 de couleur de la premi\u00e8re \u00e0 la derni\u00e8re feuille imprim\u00e9e <\/li>\n \t<li><strong>Forno IR<\/strong><\/li>\n \t<li><strong>Cip Link en ligne<\/strong>, transfert de donn\u00e9es CTP depuis le pr\u00e9presse afin d\u2019obtenir une densit\u00e9 de couleur de 90\u00a0% d\u00e8s la premi\u00e8re feuille<\/li>\n<\/ul>\t\t\t<\/div>\n\t\t<\/div>\n\t\t\t<div class=\"sow-tabs-panel\">\n\t\t\t<div\n\t\t\t\tclass=\"sow-tabs-panel-content\"\n\t\t\t\trole=\"tabpanel\"\n\t\t\t\taria-hidden=\"true\"\n\t\t\t>\n\t\t\t\t<p><img loading=\"lazy\" decoding=\"async\" class=\"uk-border-circle alignright wp-image-687 size-lter_circle_thumbnail\" src=\"https:\/\/www.litoterrazzi.it\/wp-content\/uploads\/2018\/05\/stampa-digitale-214x214-214x214.jpg\" alt=\"\" width=\"214\" height=\"214\" srcset=\"https:\/\/www.litoterrazzi.it\/wp-content\/uploads\/2018\/05\/stampa-digitale-214x214-214x214.jpg 214w, https:\/\/www.litoterrazzi.it\/wp-content\/uploads\/2018\/05\/stampa-digitale-214x214-150x150.jpg 150w, https:\/\/www.litoterrazzi.it\/wp-content\/uploads\/2018\/05\/stampa-digitale-214x214-300x300.jpg 300w, https:\/\/www.litoterrazzi.it\/wp-content\/uploads\/2018\/05\/stampa-digitale-214x214.jpg 600w\" sizes=\"auto, (max-width: 214px) 100vw, 214px\" \/><\/p>\n<ul>\n<li><strong>Presse num\u00e9rique XEROX Versant 2100 4\/4<\/strong> couleurs recto verso<\/li>\n<li><strong>Imprimante Canon IP650 4\/4<\/strong> couleurs recto verso<\/li>\n<\/ul>\n\t\t\t<\/div>\n\t\t<\/div>\n\t\t\t<div class=\"sow-tabs-panel\">\n\t\t\t<div\n\t\t\t\tclass=\"sow-tabs-panel-content\"\n\t\t\t\trole=\"tabpanel\"\n\t\t\t\taria-hidden=\"true\"\n\t\t\t>\n\t\t\t\t<p><img loading=\"lazy\" decoding=\"async\" class=\"uk-border-circle alignright wp-image-643 size-lter_circle_thumbnail\" src=\"https:\/\/www.litoterrazzi.it\/wp-content\/uploads\/2018\/05\/tecnologie-legatoria-new-214x214.jpg\" alt=\"\" width=\"214\" height=\"214\" srcset=\"https:\/\/www.litoterrazzi.it\/wp-content\/uploads\/2018\/05\/tecnologie-legatoria-new-214x214.jpg 214w, https:\/\/www.litoterrazzi.it\/wp-content\/uploads\/2018\/05\/tecnologie-legatoria-new-150x150.jpg 150w, https:\/\/www.litoterrazzi.it\/wp-content\/uploads\/2018\/05\/tecnologie-legatoria-new-300x300.jpg 300w, https:\/\/www.litoterrazzi.it\/wp-content\/uploads\/2018\/05\/tecnologie-legatoria-new.jpg 600w\" sizes=\"auto, (max-width: 214px) 100vw, 214px\" \/><\/p>\n<ul>\n<li><strong>2 lignes de coupe POLAR<\/strong><\/li>\n<li><strong>6 plieuses<\/strong>, format 35x50 cm \u00e0 100x140 cm \u00e0 plis mixtes ou modulaires<\/li>\n<li><strong>1 ligne de couture Multiplex<\/strong> et assemblage de 18 postes; 2 piqueuses Aster 180<\/li>\n<li><strong>2 ligne de couture Uniplex<\/strong><\/li>\n<li><strong>1 ligne d\u2019agrafage de 8 postes<\/strong><\/li>\n<li><strong>1 ligne de brochage MULLER MARTINI TRENDBINDER\u00a0; Easy Fly en ligne pour les couvertures \u00e0 rabats<\/strong><\/li>\n<li><strong>1 ligne de brochage ACORO 7<\/strong><\/li>\n<li><strong>1 ligne de cartonnage KOLBUS<\/strong><\/li>\n<li><strong>1 couverturi\u00e8re KOLBUS<\/strong><\/li>\n<li><strong>3 lignes de mise sous cellophane pour copie unique ou en paquets<\/strong><\/li>\n<\/ul>\n\t\t\t<\/div>\n\t\t<\/div>\n\t\t<\/div>\n<\/div>\n<\/div><\/div><\/div><\/div><\/div><\/div>","protected":false},"excerpt":{"rendered":"<p>Nos technologies Pr\u00e9presse Impression Impression num\u00e9rique Reliure 1 CTP CREO Trendsetter 5467V 1 CTP AMSKY 1 Work flow APOGEE AGFA, avec possibilit\u00e9 de contr\u00f4le de la cyanographie en ligne 1 imprimante Epson 7880 pour des tests de couleur certifi\u00e9s selon FOGRA 39\/51 2 traceurs HP 5000 pour cyan num\u00e9riques en couleurs 4 machines KBA Offset [&hellip;]<\/p>\n","protected":false},"author":1,"featured_media":1778,"parent":0,"menu_order":0,"comment_status":"closed","ping_status":"closed","template":"","meta":{"inline_featured_image":false,"footnotes":""},"class_list":["post-865","page","type-page","status-publish","has-post-thumbnail","hentry"],"yoast_head":"<!-- This site is optimized with the Yoast SEO plugin v27.5 - https:\/\/yoast.com\/product\/yoast-seo-wordpress\/ -->\n<title>Prestampa - Stampa - Stampa Digitale - Legatoria - Lito Terrazzi<\/title>\n<meta name=\"description\" content=\"Grazie agli oltre 50 anni di esperienza, siamo in grado di offrire ai nostri clienti una grande versatilit\u00e0 per quanto riguarda i formati, quantitativi e tipologie di prodotto. Scopri di pi\u00f9.\" \/>\n<meta name=\"robots\" content=\"index, follow, max-snippet:-1, max-image-preview:large, max-video-preview:-1\" \/>\n<link rel=\"canonical\" href=\"https:\/\/www.litoterrazzi.it\/tecnologie-stampa-digitale-legatoria\/\" \/>\n<meta property=\"og:locale\" content=\"fr_FR\" \/>\n<meta property=\"og:type\" content=\"article\" \/>\n<meta property=\"og:title\" content=\"Prestampa - Stampa - Stampa Digitale - Legatoria - Lito Terrazzi\" \/>\n<meta property=\"og:description\" content=\"Grazie agli oltre 50 anni di esperienza, siamo in grado di offrire ai nostri clienti una grande versatilit\u00e0 per quanto riguarda i formati, quantitativi e tipologie di prodotto. Scopri di pi\u00f9.\" \/>\n<meta property=\"og:url\" content=\"https:\/\/www.litoterrazzi.it\/tecnologie-stampa-digitale-legatoria\/\" \/>\n<meta property=\"og:site_name\" content=\"Lito Terrazzi\" \/>\n<meta property=\"article:modified_time\" content=\"2022-10-20T12:35:41+00:00\" \/>\n<meta property=\"og:image\" content=\"https:\/\/www.litoterrazzi.it\/wp-content\/uploads\/2018\/09\/testata-Tecnologie.jpg\" \/>\n\t<meta property=\"og:image:width\" content=\"1400\" \/>\n\t<meta property=\"og:image:height\" content=\"437\" \/>\n\t<meta property=\"og:image:type\" content=\"image\/jpeg\" \/>\n<meta name=\"twitter:card\" content=\"summary_large_image\" \/>\n<script type=\"application\/ld+json\" class=\"yoast-schema-graph\">{\"@context\":\"https:\\\/\\\/schema.org\",\"@graph\":[{\"@type\":\"WebPage\",\"@id\":\"https:\\\/\\\/www.litoterrazzi.it\\\/tecnologie-stampa-digitale-legatoria\\\/\",\"url\":\"https:\\\/\\\/www.litoterrazzi.it\\\/tecnologie-stampa-digitale-legatoria\\\/\",\"name\":\"Prestampa - Stampa - Stampa Digitale - Legatoria - Lito Terrazzi\",\"isPartOf\":{\"@id\":\"https:\\\/\\\/www.litoterrazzi.it\\\/#website\"},\"primaryImageOfPage\":{\"@id\":\"https:\\\/\\\/www.litoterrazzi.it\\\/tecnologie-stampa-digitale-legatoria\\\/#primaryimage\"},\"image\":{\"@id\":\"https:\\\/\\\/www.litoterrazzi.it\\\/tecnologie-stampa-digitale-legatoria\\\/#primaryimage\"},\"thumbnailUrl\":\"https:\\\/\\\/www.litoterrazzi.it\\\/wp-content\\\/uploads\\\/2018\\\/09\\\/testata-Tecnologie.jpg\",\"datePublished\":\"2018-02-05T14:29:50+00:00\",\"dateModified\":\"2022-10-20T12:35:41+00:00\",\"description\":\"Grazie agli oltre 50 anni di esperienza, siamo in grado di offrire ai nostri clienti una grande versatilit\u00e0 per quanto riguarda i formati, quantitativi e tipologie di prodotto. Scopri di pi\u00f9.\",\"breadcrumb\":{\"@id\":\"https:\\\/\\\/www.litoterrazzi.it\\\/tecnologie-stampa-digitale-legatoria\\\/#breadcrumb\"},\"inLanguage\":\"fr-FR\",\"potentialAction\":[{\"@type\":\"ReadAction\",\"target\":[\"https:\\\/\\\/www.litoterrazzi.it\\\/tecnologie-stampa-digitale-legatoria\\\/\"]}]},{\"@type\":\"ImageObject\",\"inLanguage\":\"fr-FR\",\"@id\":\"https:\\\/\\\/www.litoterrazzi.it\\\/tecnologie-stampa-digitale-legatoria\\\/#primaryimage\",\"url\":\"https:\\\/\\\/www.litoterrazzi.it\\\/wp-content\\\/uploads\\\/2018\\\/09\\\/testata-Tecnologie.jpg\",\"contentUrl\":\"https:\\\/\\\/www.litoterrazzi.it\\\/wp-content\\\/uploads\\\/2018\\\/09\\\/testata-Tecnologie.jpg\",\"width\":1400,\"height\":437},{\"@type\":\"BreadcrumbList\",\"@id\":\"https:\\\/\\\/www.litoterrazzi.it\\\/tecnologie-stampa-digitale-legatoria\\\/#breadcrumb\",\"itemListElement\":[{\"@type\":\"ListItem\",\"position\":1,\"name\":\"Home\",\"item\":\"https:\\\/\\\/www.litoterrazzi.it\\\/fr\\\/\"},{\"@type\":\"ListItem\",\"position\":2,\"name\":\"Technologies, Innovation, Polyvalence\"}]},{\"@type\":\"WebSite\",\"@id\":\"https:\\\/\\\/www.litoterrazzi.it\\\/#website\",\"url\":\"https:\\\/\\\/www.litoterrazzi.it\\\/\",\"name\":\"Lito Terrazzi\",\"description\":\"Qualit\u00e0. Innovazione. Versatilit\u00e0.\",\"publisher\":{\"@id\":\"https:\\\/\\\/www.litoterrazzi.it\\\/#organization\"},\"potentialAction\":[{\"@type\":\"SearchAction\",\"target\":{\"@type\":\"EntryPoint\",\"urlTemplate\":\"https:\\\/\\\/www.litoterrazzi.it\\\/?s={search_term_string}\"},\"query-input\":{\"@type\":\"PropertyValueSpecification\",\"valueRequired\":true,\"valueName\":\"search_term_string\"}}],\"inLanguage\":\"fr-FR\"},{\"@type\":\"Organization\",\"@id\":\"https:\\\/\\\/www.litoterrazzi.it\\\/#organization\",\"name\":\"Lito Terrazzi\",\"url\":\"https:\\\/\\\/www.litoterrazzi.it\\\/\",\"logo\":{\"@type\":\"ImageObject\",\"inLanguage\":\"fr-FR\",\"@id\":\"https:\\\/\\\/www.litoterrazzi.it\\\/#\\\/schema\\\/logo\\\/image\\\/\",\"url\":\"https:\\\/\\\/www.litoterrazzi.it\\\/wp-content\\\/uploads\\\/2024\\\/01\\\/logo_terrazzi.png\",\"contentUrl\":\"https:\\\/\\\/www.litoterrazzi.it\\\/wp-content\\\/uploads\\\/2024\\\/01\\\/logo_terrazzi.png\",\"width\":190,\"height\":65,\"caption\":\"Lito Terrazzi\"},\"image\":{\"@id\":\"https:\\\/\\\/www.litoterrazzi.it\\\/#\\\/schema\\\/logo\\\/image\\\/\"}}]}<\/script>\n<!-- \/ Yoast SEO plugin. -->","yoast_head_json":{"title":"Prestampa - Stampa - Stampa Digitale - Legatoria - Lito Terrazzi","description":"Grazie agli oltre 50 anni di esperienza, siamo in grado di offrire ai nostri clienti una grande versatilit\u00e0 per quanto riguarda i formati, quantitativi e tipologie di prodotto. Scopri di pi\u00f9.","robots":{"index":"index","follow":"follow","max-snippet":"max-snippet:-1","max-image-preview":"max-image-preview:large","max-video-preview":"max-video-preview:-1"},"canonical":"https:\/\/www.litoterrazzi.it\/tecnologie-stampa-digitale-legatoria\/","og_locale":"fr_FR","og_type":"article","og_title":"Prestampa - Stampa - Stampa Digitale - Legatoria - Lito Terrazzi","og_description":"Grazie agli oltre 50 anni di esperienza, siamo in grado di offrire ai nostri clienti una grande versatilit\u00e0 per quanto riguarda i formati, quantitativi e tipologie di prodotto. Scopri di pi\u00f9.","og_url":"https:\/\/www.litoterrazzi.it\/tecnologie-stampa-digitale-legatoria\/","og_site_name":"Lito Terrazzi","article_modified_time":"2022-10-20T12:35:41+00:00","og_image":[{"width":1400,"height":437,"url":"https:\/\/www.litoterrazzi.it\/wp-content\/uploads\/2018\/09\/testata-Tecnologie.jpg","type":"image\/jpeg"}],"twitter_card":"summary_large_image","schema":{"@context":"https:\/\/schema.org","@graph":[{"@type":"WebPage","@id":"https:\/\/www.litoterrazzi.it\/tecnologie-stampa-digitale-legatoria\/","url":"https:\/\/www.litoterrazzi.it\/tecnologie-stampa-digitale-legatoria\/","name":"Prestampa - Stampa - Stampa Digitale - Legatoria - Lito Terrazzi","isPartOf":{"@id":"https:\/\/www.litoterrazzi.it\/#website"},"primaryImageOfPage":{"@id":"https:\/\/www.litoterrazzi.it\/tecnologie-stampa-digitale-legatoria\/#primaryimage"},"image":{"@id":"https:\/\/www.litoterrazzi.it\/tecnologie-stampa-digitale-legatoria\/#primaryimage"},"thumbnailUrl":"https:\/\/www.litoterrazzi.it\/wp-content\/uploads\/2018\/09\/testata-Tecnologie.jpg","datePublished":"2018-02-05T14:29:50+00:00","dateModified":"2022-10-20T12:35:41+00:00","description":"Grazie agli oltre 50 anni di esperienza, siamo in grado di offrire ai nostri clienti una grande versatilit\u00e0 per quanto riguarda i formati, quantitativi e tipologie di prodotto. Scopri di pi\u00f9.","breadcrumb":{"@id":"https:\/\/www.litoterrazzi.it\/tecnologie-stampa-digitale-legatoria\/#breadcrumb"},"inLanguage":"fr-FR","potentialAction":[{"@type":"ReadAction","target":["https:\/\/www.litoterrazzi.it\/tecnologie-stampa-digitale-legatoria\/"]}]},{"@type":"ImageObject","inLanguage":"fr-FR","@id":"https:\/\/www.litoterrazzi.it\/tecnologie-stampa-digitale-legatoria\/#primaryimage","url":"https:\/\/www.litoterrazzi.it\/wp-content\/uploads\/2018\/09\/testata-Tecnologie.jpg","contentUrl":"https:\/\/www.litoterrazzi.it\/wp-content\/uploads\/2018\/09\/testata-Tecnologie.jpg","width":1400,"height":437},{"@type":"BreadcrumbList","@id":"https:\/\/www.litoterrazzi.it\/tecnologie-stampa-digitale-legatoria\/#breadcrumb","itemListElement":[{"@type":"ListItem","position":1,"name":"Home","item":"https:\/\/www.litoterrazzi.it\/fr\/"},{"@type":"ListItem","position":2,"name":"Technologies, Innovation, Polyvalence"}]},{"@type":"WebSite","@id":"https:\/\/www.litoterrazzi.it\/#website","url":"https:\/\/www.litoterrazzi.it\/","name":"Lito Terrazzi","description":"Qualit\u00e0. Innovazione. Versatilit\u00e0.","publisher":{"@id":"https:\/\/www.litoterrazzi.it\/#organization"},"potentialAction":[{"@type":"SearchAction","target":{"@type":"EntryPoint","urlTemplate":"https:\/\/www.litoterrazzi.it\/?s={search_term_string}"},"query-input":{"@type":"PropertyValueSpecification","valueRequired":true,"valueName":"search_term_string"}}],"inLanguage":"fr-FR"},{"@type":"Organization","@id":"https:\/\/www.litoterrazzi.it\/#organization","name":"Lito Terrazzi","url":"https:\/\/www.litoterrazzi.it\/","logo":{"@type":"ImageObject","inLanguage":"fr-FR","@id":"https:\/\/www.litoterrazzi.it\/#\/schema\/logo\/image\/","url":"https:\/\/www.litoterrazzi.it\/wp-content\/uploads\/2024\/01\/logo_terrazzi.png","contentUrl":"https:\/\/www.litoterrazzi.it\/wp-content\/uploads\/2024\/01\/logo_terrazzi.png","width":190,"height":65,"caption":"Lito Terrazzi"},"image":{"@id":"https:\/\/www.litoterrazzi.it\/#\/schema\/logo\/image\/"}}]}},"_links":{"self":[{"href":"https:\/\/www.litoterrazzi.it\/fr\/wp-json\/wp\/v2\/pages\/865","targetHints":{"allow":["GET"]}}],"collection":[{"href":"https:\/\/www.litoterrazzi.it\/fr\/wp-json\/wp\/v2\/pages"}],"about":[{"href":"https:\/\/www.litoterrazzi.it\/fr\/wp-json\/wp\/v2\/types\/page"}],"author":[{"embeddable":true,"href":"https:\/\/www.litoterrazzi.it\/fr\/wp-json\/wp\/v2\/users\/1"}],"replies":[{"embeddable":true,"href":"https:\/\/www.litoterrazzi.it\/fr\/wp-json\/wp\/v2\/comments?post=865"}],"version-history":[{"count":5,"href":"https:\/\/www.litoterrazzi.it\/fr\/wp-json\/wp\/v2\/pages\/865\/revisions"}],"predecessor-version":[{"id":1886,"href":"https:\/\/www.litoterrazzi.it\/fr\/wp-json\/wp\/v2\/pages\/865\/revisions\/1886"}],"wp:featuredmedia":[{"embeddable":true,"href":"https:\/\/www.litoterrazzi.it\/fr\/wp-json\/wp\/v2\/media\/1778"}],"wp:attachment":[{"href":"https:\/\/www.litoterrazzi.it\/fr\/wp-json\/wp\/v2\/media?parent=865"}],"curies":[{"name":"wp","href":"https:\/\/api.w.org\/{rel}","templated":true}]}}