{"id":856,"date":"2018-02-06T11:21:34","date_gmt":"2018-02-06T10:21:34","guid":{"rendered":"https:\/\/www.litoterrazzi.it\/prodotti\/"},"modified":"2018-05-29T12:02:03","modified_gmt":"2018-05-29T10:02:03","slug":"produits","status":"publish","type":"page","link":"https:\/\/www.litoterrazzi.it\/fr\/produits\/","title":{"rendered":"Produits"},"content":{"rendered":"<div id=\"pl-856\"  class=\"panel-layout\" ><div id=\"pg-856-0\"  class=\"panel-grid panel-no-style\" ><div id=\"pgc-856-0-0\"  class=\"panel-grid-cell\" ><div id=\"panel-856-0-0-0\" class=\"so-panel widget widget_sow-headline panel-first-child\" data-index=\"0\" ><div class=\"panel-widget-style panel-widget-style-for-856-0-0-0\" ><div\n\t\t\t\n\t\t\tclass=\"so-widget-sow-headline so-widget-sow-headline-default-6b52635ceda7-856\"\n\t\t\t\n\t\t><div class=\"sow-headline-container \">\n\t\t\t\t\t\t\t<h1 class=\"sow-headline\">\n\t\t\t\t\t\tChoisissez le type de reliure\t\t\t\t\t\t<\/h1>\n\t\t\t\t\t\t<\/div>\n<\/div><\/div><\/div><div id=\"panel-856-0-0-1\" class=\"so-panel widget widget_lter-taxonomy-grid-widget\" data-index=\"1\" ><div class=\"panel-widget-style panel-widget-style-for-856-0-0-1\" ><div\n\t\t\t\n\t\t\tclass=\"so-widget-lter-taxonomy-grid-widget so-widget-lter-taxonomy-grid-widget-base\"\n\t\t\t\n\t\t>\t<div class=\"uk-child-width-1-1 uk-child-width-1-2@s uk-child-width-1-3@m uk-grid-match uk-grid-small\" uk-grid>\n\t\t<div>\n\t\t\t<div class=\"uk-card lt-card\" style=\"background-image: url(https:\/\/www.litoterrazzi.it\/wp-content\/uploads\/2018\/02\/card-corner-teal.png)\">\n\t\t\t\t<div class=\"uk-card-media-top\">\n\t\t\t\t\t<a href=\"https:\/\/www.litoterrazzi.it\/fr\/reliure-brochee-et-reliure-brochee-dos-carre-colle\/\"><img decoding=\"async\" class=\"uk-width-1-1\" src=\"https:\/\/www.litoterrazzi.it\/wp-content\/uploads\/2018\/02\/rilegature-brossura.jpg\" \/><\/a>\t\t\t\t<\/div>\n\t\t\t\t<div class=\"uk-card-body\">\n\t\t\t\t\t<h3 class=\"uk-card-title\"><a href=\"https:\/\/www.litoterrazzi.it\/fr\/reliure-brochee-et-reliure-brochee-dos-carre-colle\/\">Reliure broch\u00e9e et reliure broch\u00e9e dos carr\u00e9 coll\u00e9<\/a><\/h3>\n\t\t\t\t<\/div>\n\t\t\t<\/div>\n\t\t<\/div>\n\t\t<div>\n\t\t\t<div class=\"uk-card lt-card\" style=\"background-image: url(https:\/\/www.litoterrazzi.it\/wp-content\/uploads\/2018\/02\/card-corner-blue.png)\">\n\t\t\t\t<div class=\"uk-card-media-top\">\n\t\t\t\t\t<a href=\"https:\/\/www.litoterrazzi.it\/fr\/reliure-cartonnee\/\"><img decoding=\"async\" class=\"uk-width-1-1\" src=\"https:\/\/www.litoterrazzi.it\/wp-content\/uploads\/2018\/02\/rilegature-cartonato.jpg\" \/><\/a>\t\t\t\t<\/div>\n\t\t\t\t<div class=\"uk-card-body\">\n\t\t\t\t\t<h3 class=\"uk-card-title\"><a href=\"https:\/\/www.litoterrazzi.it\/fr\/reliure-cartonnee\/\">Reliure cartonn\u00e9e<\/a><\/h3>\n\t\t\t\t<\/div>\n\t\t\t<\/div>\n\t\t<\/div>\n\t\t<div>\n\t\t\t<div class=\"uk-card lt-card\" style=\"background-image: url(https:\/\/www.litoterrazzi.it\/wp-content\/uploads\/2018\/02\/card-corner-brown.png)\">\n\t\t\t\t<div class=\"uk-card-media-top\">\n\t\t\t\t\t<a href=\"https:\/\/www.litoterrazzi.it\/fr\/reliure-cartonnee-dos-colle-cousu\/\"><img decoding=\"async\" class=\"uk-width-1-1\" src=\"https:\/\/www.litoterrazzi.it\/wp-content\/uploads\/2018\/02\/rilegature-cartonato_olandese.jpg\" \/><\/a>\t\t\t\t<\/div>\n\t\t\t\t<div class=\"uk-card-body\">\n\t\t\t\t\t<h3 class=\"uk-card-title\"><a href=\"https:\/\/www.litoterrazzi.it\/fr\/reliure-cartonnee-dos-colle-cousu\/\">Reliure cartonn\u00e9e dos coll\u00e9 cousu<\/a><\/h3>\n\t\t\t\t<\/div>\n\t\t\t<\/div>\n\t\t<\/div>\n\t\t<div>\n\t\t\t<div class=\"uk-card lt-card\" style=\"background-image: url(https:\/\/www.litoterrazzi.it\/wp-content\/uploads\/2018\/02\/card-corner-teal.png)\">\n\t\t\t\t<div class=\"uk-card-media-top\">\n\t\t\t\t\t<a href=\"https:\/\/www.litoterrazzi.it\/fr\/reliure-spirales\/\"><img decoding=\"async\" class=\"uk-width-1-1\" src=\"https:\/\/www.litoterrazzi.it\/wp-content\/uploads\/2018\/02\/rilegature-spirale.jpg\" \/><\/a>\t\t\t\t<\/div>\n\t\t\t\t<div class=\"uk-card-body\">\n\t\t\t\t\t<h3 class=\"uk-card-title\"><a href=\"https:\/\/www.litoterrazzi.it\/fr\/reliure-spirales\/\">Reliure spirales<\/a><\/h3>\n\t\t\t\t<\/div>\n\t\t\t<\/div>\n\t\t<\/div>\n\t\t<div>\n\t\t\t<div class=\"uk-card lt-card\" style=\"background-image: url(https:\/\/www.litoterrazzi.it\/wp-content\/uploads\/2018\/02\/card-corner-blue.png)\">\n\t\t\t\t<div class=\"uk-card-media-top\">\n\t\t\t\t\t<a href=\"https:\/\/www.litoterrazzi.it\/fr\/reliure-agrafes\/\"><img decoding=\"async\" class=\"uk-width-1-1\" src=\"https:\/\/www.litoterrazzi.it\/wp-content\/uploads\/2018\/02\/rilegature-punto_metallico.jpg\" \/><\/a>\t\t\t\t<\/div>\n\t\t\t\t<div class=\"uk-card-body\">\n\t\t\t\t\t<h3 class=\"uk-card-title\"><a href=\"https:\/\/www.litoterrazzi.it\/fr\/reliure-agrafes\/\">Reliure agrafes<\/a><\/h3>\n\t\t\t\t<\/div>\n\t\t\t<\/div>\n\t\t<\/div>\n\t\t<div>\n\t\t\t<div class=\"uk-card lt-card\" style=\"background-image: url(https:\/\/www.litoterrazzi.it\/wp-content\/uploads\/2018\/02\/card-corner-brown.png)\">\n\t\t\t\t<div class=\"uk-card-media-top\">\n\t\t\t\t\t<a href=\"https:\/\/www.litoterrazzi.it\/le-nostre-realizzazioni\/\"><img decoding=\"async\" class=\"uk-width-1-1\" src=\"https:\/\/www.litoterrazzi.it\/wp-content\/uploads\/2018\/02\/rilegature-realizzazioni.jpg\" \/><\/a>\t\t\t\t<\/div>\n\t\t\t\t<div class=\"uk-card-body\">\n\t\t\t\t\t<h3 class=\"uk-card-title\"><a href=\"https:\/\/www.litoterrazzi.it\/le-nostre-realizzazioni\/\">Voir nos r\u00e9alisations<\/a><\/h3>\n\t\t\t\t<\/div>\n\t\t\t<\/div>\n\t\t<\/div>\n\t<\/div>\n<\/div><\/div><\/div><div id=\"panel-856-0-0-2\" class=\"so-panel widget widget_sow-cta panel-last-child\" data-index=\"2\" ><div class=\"lt-call-to-action panel-widget-style panel-widget-style-for-856-0-0-2\" ><div\n\t\t\t\n\t\t\tclass=\"so-widget-sow-cta so-widget-sow-cta-default-d4201abb52ae-856\"\n\t\t\t\n\t\t><div\n\tclass=\"sow-cta-base\"\n\t>\n\t\n\t<div class=\"sow-cta-wrapper\">\n\n\t\t<div class=\"sow-cta-text\">\n\t\t\t\t\t\t\t<h4 class=\"sow-cta-title\">\n\t\t\t\t\tVous souhaitez en savoir plus sur nos produits\u00a0?\t\t\t\t<\/h4>\n\t\t\t\n\t\t\t\t\t<\/div>\n\n\t\t<div\n\t\t\t\n\t\t\tclass=\"so-widget-sow-button so-widget-sow-button-wire-9a79ce53f5e7\"\n\t\t\t\n\t\t><div class=\"ow-button-base ow-button-align-center\"\n>\n\t\t\t<a\n\t\t\t\t\thref=\"https:\/\/www.litoterrazzi.it\/contatti\/\"\n\t\t\t\t\tclass=\"sowb-button ow-icon-placement-left ow-button-hover\" \t>\n\t\t<span>\n\t\t\t\n\t\t\tCONTACTEZ-NOUS\t\t<\/span>\n\t\t\t<\/a>\n\t<\/div>\n<\/div>\n\t<\/div>\n\n\t<\/div>\n<\/div><\/div><\/div><\/div><\/div><div id=\"pg-856-1\"  class=\"panel-grid panel-has-style\" ><div class=\"lt-stretch-halves uk-light siteorigin-panels-stretch panel-row-style panel-row-style-for-856-1\" data-stretch-type=\"full-stretched\" ><div id=\"pgc-856-1-0\"  class=\"panel-grid-cell\" ><div class=\"panel-cell-style panel-cell-style-for-856-1-0\" ><div id=\"panel-856-1-0-0\" class=\"so-panel widget widget_sow-editor panel-first-child panel-last-child\" data-index=\"3\" ><div\n\t\t\t\n\t\t\tclass=\"so-widget-sow-editor so-widget-sow-editor-base\"\n\t\t\t\n\t\t>\n<div class=\"siteorigin-widget-tinymce textwidget\">\n\t<\/div>\n<\/div><\/div><\/div><\/div><div id=\"pgc-856-1-1\"  class=\"panel-grid-cell\" ><div class=\"panel-cell-style panel-cell-style-for-856-1-1\" ><div id=\"panel-856-1-1-0\" class=\"so-panel widget widget_sow-headline panel-first-child\" data-index=\"4\" ><div class=\"panel-widget-style panel-widget-style-for-856-1-1-0\" ><div\n\t\t\t\n\t\t\tclass=\"so-widget-sow-headline so-widget-sow-headline-default-23075ca939d8-856\"\n\t\t\t\n\t\t><div class=\"sow-headline-container \">\n\t\t\t\t\t\t\t<h1 class=\"sow-headline\">\n\t\t\t\t\t\tDes technologies d\u2019avant-garde\t\t\t\t\t\t<\/h1>\n\t\t\t\t\t\t\t\t\t\t\t<div class=\"decoration\">\n\t\t\t\t\t\t<div class=\"decoration-inside\"><\/div>\n\t\t\t\t\t<\/div>\n\t\t\t\t\t<\/div>\n<\/div><\/div><\/div><div id=\"panel-856-1-1-1\" class=\"so-panel widget widget_sow-editor panel-last-child\" data-index=\"5\" ><div class=\"panel-widget-style panel-widget-style-for-856-1-1-1\" ><div\n\t\t\t\n\t\t\tclass=\"so-widget-sow-editor so-widget-sow-editor-base\"\n\t\t\t\n\t\t>\n<div class=\"siteorigin-widget-tinymce textwidget\">\n\t<p>L\u2019utilisation des syst\u00e8mes les plus modernes et les plus technologiquement avanc\u00e9s du march\u00e9 nous permet d\u2019offrir \u00e0 nos clients une grande polyvalence en termes de formats, de quantit\u00e9s et de types de produits sans jamais renoncer \u00e0 un excellent rapport qualit\u00e9\/prix.<\/p>\n<\/div>\n<\/div><\/div><\/div><\/div><\/div><\/div><\/div><\/div>","protected":false},"excerpt":{"rendered":"<p>L\u2019utilisation des syst\u00e8mes les plus modernes et les plus technologiquement avanc\u00e9s du march\u00e9 nous permet d\u2019offrir \u00e0 nos clients une grande polyvalence en termes de formats, de quantit\u00e9s et de types de produits sans jamais renoncer \u00e0 un excellent rapport qualit\u00e9\/prix.<\/p>\n","protected":false},"author":1,"featured_media":1200,"parent":0,"menu_order":0,"comment_status":"closed","ping_status":"closed","template":"","meta":{"inline_featured_image":false,"footnotes":""},"class_list":["post-856","page","type-page","status-publish","has-post-thumbnail","hentry"],"yoast_head":"<!-- This site is optimized with the Yoast SEO plugin v27.4 - https:\/\/yoast.com\/product\/yoast-seo-wordpress\/ -->\n<title>Stampa Libri Fotografici - Manifesti - Cataloghi d&#039;arte - Prato<\/title>\n<meta name=\"description\" content=\"Dai libri fotografici alla stampa manifesti di grandi dimensioni o ai volumi d\u2019arte, Lito Terrazzi segue passo passo la loro produzione a 360\u00b0. Scopri di pi\u00f9.\" \/>\n<meta name=\"robots\" content=\"index, follow, max-snippet:-1, max-image-preview:large, max-video-preview:-1\" \/>\n<link rel=\"canonical\" href=\"https:\/\/www.litoterrazzi.it\/prodotti\/\" \/>\n<meta property=\"og:locale\" content=\"fr_FR\" \/>\n<meta property=\"og:type\" content=\"article\" \/>\n<meta property=\"og:title\" content=\"Stampa Libri Fotografici - Manifesti - Cataloghi d&#039;arte - Prato\" \/>\n<meta property=\"og:description\" content=\"Dai libri fotografici alla stampa manifesti di grandi dimensioni o ai volumi d\u2019arte, Lito Terrazzi segue passo passo la loro produzione a 360\u00b0. Scopri di pi\u00f9.\" \/>\n<meta property=\"og:url\" content=\"https:\/\/www.litoterrazzi.it\/prodotti\/\" \/>\n<meta property=\"og:site_name\" content=\"Lito Terrazzi\" \/>\n<meta property=\"article:modified_time\" content=\"2018-05-29T10:02:03+00:00\" \/>\n<meta property=\"og:image\" content=\"https:\/\/www.litoterrazzi.it\/wp-content\/uploads\/2018\/02\/hero-prodotti.jpg\" \/>\n\t<meta property=\"og:image:width\" content=\"1400\" \/>\n\t<meta property=\"og:image:height\" content=\"435\" \/>\n\t<meta property=\"og:image:type\" content=\"image\/jpeg\" \/>\n<meta name=\"twitter:card\" content=\"summary_large_image\" \/>\n<script type=\"application\/ld+json\" class=\"yoast-schema-graph\">{\"@context\":\"https:\\\/\\\/schema.org\",\"@graph\":[{\"@type\":\"WebPage\",\"@id\":\"https:\\\/\\\/www.litoterrazzi.it\\\/prodotti\\\/\",\"url\":\"https:\\\/\\\/www.litoterrazzi.it\\\/prodotti\\\/\",\"name\":\"Stampa Libri Fotografici - Manifesti - Cataloghi d'arte - Prato\",\"isPartOf\":{\"@id\":\"https:\\\/\\\/www.litoterrazzi.it\\\/#website\"},\"primaryImageOfPage\":{\"@id\":\"https:\\\/\\\/www.litoterrazzi.it\\\/prodotti\\\/#primaryimage\"},\"image\":{\"@id\":\"https:\\\/\\\/www.litoterrazzi.it\\\/prodotti\\\/#primaryimage\"},\"thumbnailUrl\":\"https:\\\/\\\/www.litoterrazzi.it\\\/wp-content\\\/uploads\\\/2018\\\/02\\\/hero-prodotti.jpg\",\"datePublished\":\"2018-02-06T10:21:34+00:00\",\"dateModified\":\"2018-05-29T10:02:03+00:00\",\"description\":\"Dai libri fotografici alla stampa manifesti di grandi dimensioni o ai volumi d\u2019arte, Lito Terrazzi segue passo passo la loro produzione a 360\u00b0. Scopri di pi\u00f9.\",\"breadcrumb\":{\"@id\":\"https:\\\/\\\/www.litoterrazzi.it\\\/prodotti\\\/#breadcrumb\"},\"inLanguage\":\"fr-FR\",\"potentialAction\":[{\"@type\":\"ReadAction\",\"target\":[\"https:\\\/\\\/www.litoterrazzi.it\\\/prodotti\\\/\"]}]},{\"@type\":\"ImageObject\",\"inLanguage\":\"fr-FR\",\"@id\":\"https:\\\/\\\/www.litoterrazzi.it\\\/prodotti\\\/#primaryimage\",\"url\":\"https:\\\/\\\/www.litoterrazzi.it\\\/wp-content\\\/uploads\\\/2018\\\/02\\\/hero-prodotti.jpg\",\"contentUrl\":\"https:\\\/\\\/www.litoterrazzi.it\\\/wp-content\\\/uploads\\\/2018\\\/02\\\/hero-prodotti.jpg\",\"width\":1400,\"height\":435},{\"@type\":\"BreadcrumbList\",\"@id\":\"https:\\\/\\\/www.litoterrazzi.it\\\/prodotti\\\/#breadcrumb\",\"itemListElement\":[{\"@type\":\"ListItem\",\"position\":1,\"name\":\"Home\",\"item\":\"https:\\\/\\\/www.litoterrazzi.it\\\/fr\\\/\"},{\"@type\":\"ListItem\",\"position\":2,\"name\":\"Produits\"}]},{\"@type\":\"WebSite\",\"@id\":\"https:\\\/\\\/www.litoterrazzi.it\\\/#website\",\"url\":\"https:\\\/\\\/www.litoterrazzi.it\\\/\",\"name\":\"Lito Terrazzi\",\"description\":\"Qualit\u00e0. Innovazione. Versatilit\u00e0.\",\"publisher\":{\"@id\":\"https:\\\/\\\/www.litoterrazzi.it\\\/#organization\"},\"potentialAction\":[{\"@type\":\"SearchAction\",\"target\":{\"@type\":\"EntryPoint\",\"urlTemplate\":\"https:\\\/\\\/www.litoterrazzi.it\\\/?s={search_term_string}\"},\"query-input\":{\"@type\":\"PropertyValueSpecification\",\"valueRequired\":true,\"valueName\":\"search_term_string\"}}],\"inLanguage\":\"fr-FR\"},{\"@type\":\"Organization\",\"@id\":\"https:\\\/\\\/www.litoterrazzi.it\\\/#organization\",\"name\":\"Lito Terrazzi\",\"url\":\"https:\\\/\\\/www.litoterrazzi.it\\\/\",\"logo\":{\"@type\":\"ImageObject\",\"inLanguage\":\"fr-FR\",\"@id\":\"https:\\\/\\\/www.litoterrazzi.it\\\/#\\\/schema\\\/logo\\\/image\\\/\",\"url\":\"https:\\\/\\\/www.litoterrazzi.it\\\/wp-content\\\/uploads\\\/2024\\\/01\\\/logo_terrazzi.png\",\"contentUrl\":\"https:\\\/\\\/www.litoterrazzi.it\\\/wp-content\\\/uploads\\\/2024\\\/01\\\/logo_terrazzi.png\",\"width\":190,\"height\":65,\"caption\":\"Lito Terrazzi\"},\"image\":{\"@id\":\"https:\\\/\\\/www.litoterrazzi.it\\\/#\\\/schema\\\/logo\\\/image\\\/\"}}]}<\/script>\n<!-- \/ Yoast SEO plugin. -->","yoast_head_json":{"title":"Stampa Libri Fotografici - Manifesti - Cataloghi d'arte - Prato","description":"Dai libri fotografici alla stampa manifesti di grandi dimensioni o ai volumi d\u2019arte, Lito Terrazzi segue passo passo la loro produzione a 360\u00b0. Scopri di pi\u00f9.","robots":{"index":"index","follow":"follow","max-snippet":"max-snippet:-1","max-image-preview":"max-image-preview:large","max-video-preview":"max-video-preview:-1"},"canonical":"https:\/\/www.litoterrazzi.it\/prodotti\/","og_locale":"fr_FR","og_type":"article","og_title":"Stampa Libri Fotografici - Manifesti - Cataloghi d'arte - Prato","og_description":"Dai libri fotografici alla stampa manifesti di grandi dimensioni o ai volumi d\u2019arte, Lito Terrazzi segue passo passo la loro produzione a 360\u00b0. Scopri di pi\u00f9.","og_url":"https:\/\/www.litoterrazzi.it\/prodotti\/","og_site_name":"Lito Terrazzi","article_modified_time":"2018-05-29T10:02:03+00:00","og_image":[{"width":1400,"height":435,"url":"https:\/\/www.litoterrazzi.it\/wp-content\/uploads\/2018\/02\/hero-prodotti.jpg","type":"image\/jpeg"}],"twitter_card":"summary_large_image","schema":{"@context":"https:\/\/schema.org","@graph":[{"@type":"WebPage","@id":"https:\/\/www.litoterrazzi.it\/prodotti\/","url":"https:\/\/www.litoterrazzi.it\/prodotti\/","name":"Stampa Libri Fotografici - Manifesti - Cataloghi d'arte - Prato","isPartOf":{"@id":"https:\/\/www.litoterrazzi.it\/#website"},"primaryImageOfPage":{"@id":"https:\/\/www.litoterrazzi.it\/prodotti\/#primaryimage"},"image":{"@id":"https:\/\/www.litoterrazzi.it\/prodotti\/#primaryimage"},"thumbnailUrl":"https:\/\/www.litoterrazzi.it\/wp-content\/uploads\/2018\/02\/hero-prodotti.jpg","datePublished":"2018-02-06T10:21:34+00:00","dateModified":"2018-05-29T10:02:03+00:00","description":"Dai libri fotografici alla stampa manifesti di grandi dimensioni o ai volumi d\u2019arte, Lito Terrazzi segue passo passo la loro produzione a 360\u00b0. Scopri di pi\u00f9.","breadcrumb":{"@id":"https:\/\/www.litoterrazzi.it\/prodotti\/#breadcrumb"},"inLanguage":"fr-FR","potentialAction":[{"@type":"ReadAction","target":["https:\/\/www.litoterrazzi.it\/prodotti\/"]}]},{"@type":"ImageObject","inLanguage":"fr-FR","@id":"https:\/\/www.litoterrazzi.it\/prodotti\/#primaryimage","url":"https:\/\/www.litoterrazzi.it\/wp-content\/uploads\/2018\/02\/hero-prodotti.jpg","contentUrl":"https:\/\/www.litoterrazzi.it\/wp-content\/uploads\/2018\/02\/hero-prodotti.jpg","width":1400,"height":435},{"@type":"BreadcrumbList","@id":"https:\/\/www.litoterrazzi.it\/prodotti\/#breadcrumb","itemListElement":[{"@type":"ListItem","position":1,"name":"Home","item":"https:\/\/www.litoterrazzi.it\/fr\/"},{"@type":"ListItem","position":2,"name":"Produits"}]},{"@type":"WebSite","@id":"https:\/\/www.litoterrazzi.it\/#website","url":"https:\/\/www.litoterrazzi.it\/","name":"Lito Terrazzi","description":"Qualit\u00e0. Innovazione. Versatilit\u00e0.","publisher":{"@id":"https:\/\/www.litoterrazzi.it\/#organization"},"potentialAction":[{"@type":"SearchAction","target":{"@type":"EntryPoint","urlTemplate":"https:\/\/www.litoterrazzi.it\/?s={search_term_string}"},"query-input":{"@type":"PropertyValueSpecification","valueRequired":true,"valueName":"search_term_string"}}],"inLanguage":"fr-FR"},{"@type":"Organization","@id":"https:\/\/www.litoterrazzi.it\/#organization","name":"Lito Terrazzi","url":"https:\/\/www.litoterrazzi.it\/","logo":{"@type":"ImageObject","inLanguage":"fr-FR","@id":"https:\/\/www.litoterrazzi.it\/#\/schema\/logo\/image\/","url":"https:\/\/www.litoterrazzi.it\/wp-content\/uploads\/2024\/01\/logo_terrazzi.png","contentUrl":"https:\/\/www.litoterrazzi.it\/wp-content\/uploads\/2024\/01\/logo_terrazzi.png","width":190,"height":65,"caption":"Lito Terrazzi"},"image":{"@id":"https:\/\/www.litoterrazzi.it\/#\/schema\/logo\/image\/"}}]}},"_links":{"self":[{"href":"https:\/\/www.litoterrazzi.it\/fr\/wp-json\/wp\/v2\/pages\/856","targetHints":{"allow":["GET"]}}],"collection":[{"href":"https:\/\/www.litoterrazzi.it\/fr\/wp-json\/wp\/v2\/pages"}],"about":[{"href":"https:\/\/www.litoterrazzi.it\/fr\/wp-json\/wp\/v2\/types\/page"}],"author":[{"embeddable":true,"href":"https:\/\/www.litoterrazzi.it\/fr\/wp-json\/wp\/v2\/users\/1"}],"replies":[{"embeddable":true,"href":"https:\/\/www.litoterrazzi.it\/fr\/wp-json\/wp\/v2\/comments?post=856"}],"version-history":[{"count":8,"href":"https:\/\/www.litoterrazzi.it\/fr\/wp-json\/wp\/v2\/pages\/856\/revisions"}],"predecessor-version":[{"id":864,"href":"https:\/\/www.litoterrazzi.it\/fr\/wp-json\/wp\/v2\/pages\/856\/revisions\/864"}],"wp:featuredmedia":[{"embeddable":true,"href":"https:\/\/www.litoterrazzi.it\/fr\/wp-json\/wp\/v2\/media\/1200"}],"wp:attachment":[{"href":"https:\/\/www.litoterrazzi.it\/fr\/wp-json\/wp\/v2\/media?parent=856"}],"curies":[{"name":"wp","href":"https:\/\/api.w.org\/{rel}","templated":true}]}}