{"id":847,"date":"2018-02-01T14:18:55","date_gmt":"2018-02-01T13:18:55","guid":{"rendered":"https:\/\/www.litoterrazzi.it\/chi-siamo\/"},"modified":"2025-02-26T12:19:39","modified_gmt":"2025-02-26T11:19:39","slug":"qui-sommes-nous","status":"publish","type":"page","link":"https:\/\/www.litoterrazzi.it\/fr\/qui-sommes-nous\/","title":{"rendered":"QUI SOMMES-NOUS ?"},"content":{"rendered":"<div id=\"pl-847\"  class=\"panel-layout\" ><div id=\"pg-847-0\"  class=\"panel-grid panel-has-style\" ><div class=\"panel-row-style panel-row-style-for-847-0\" ><div id=\"pgc-847-0-0\"  class=\"panel-grid-cell\" ><div id=\"panel-847-0-0-0\" class=\"so-panel widget widget_sow-headline panel-first-child\" data-index=\"0\" ><div class=\"lt-quote panel-widget-style panel-widget-style-for-847-0-0-0\" ><div\n\t\t\t\n\t\t\tclass=\"so-widget-sow-headline so-widget-sow-headline-default-ebe889de8f19-847\"\n\t\t\t\n\t\t><div class=\"sow-headline-container \">\n\t\t\t\t\t\t\t<h2 class=\"sow-headline\">\n\t\t\t\t\t\tLe livre est le seul objet inanim\u00e9 qui puisse avoir des r\u00eaves.\t\t\t\t\t\t<\/h2>\n\t\t\t\t\t\t\t\t\t\t\t\t<h4 class=\"sow-sub-headline\">\n\t\t\t\t\t\tEnnio Flaiano\t\t\t\t\t\t<\/h4>\n\t\t\t\t\t\t<\/div>\n<\/div><\/div><\/div><div id=\"panel-847-0-0-1\" class=\"so-panel widget widget_sow-editor panel-last-child\" data-index=\"1\" ><div\n\t\t\t\n\t\t\tclass=\"so-widget-sow-editor so-widget-sow-editor-base\"\n\t\t\t\n\t\t>\n<div class=\"siteorigin-widget-tinymce textwidget\">\n\t<p>D\u00e8s la fondation de <strong>Lito Terrazzi<\/strong> en 1967, nous nous sommes fix\u00e9s un objectif prioritaire sur tous les autres\u00a0: mettre en valeur chacun des produits que nous imprimons.<\/p>\n<p>Aujourd\u2019hui encore, nous poursuivons notre mission de veiller avec soin et attention \u00e0 chaque \u00e9tape de la production, en choisissant des <strong>mat\u00e9riaux de tout premier choix<\/strong> et en n\u2019utilisant des \u00e9quipements de derni\u00e8re g\u00e9n\u00e9ration.<\/p>\n<p>Nos ann\u00e9es d\u2019exp\u00e9rience, \u00e0 l\u2019\u00e9chelle nationale et internationale, avec les maisons d\u2019\u00e9dition les plus renomm\u00e9es et les plus <strong>grands groupes industriels<\/strong> - italiens comme europ\u00e9ens - nous permettent de g\u00e9rer directement toutes les phases des projets, du <strong>pr\u00e9presse<\/strong> \u00e0 la <strong>reliure<\/strong>.<\/p>\n<p><strong>Lito Terrazzi<\/strong> est la solution id\u00e9ale pour tous les besoins d\u2019impression : une entreprise graphique comp\u00e9titive et innovante garantissant toujours une qualit\u00e9 d\u2019excellence.<\/p>\n<\/div>\n<\/div><\/div><\/div><\/div><\/div><div id=\"pg-847-1\"  class=\"panel-grid panel-has-style\" ><div class=\"lt-stretch-halves siteorigin-panels-stretch panel-row-style panel-row-style-for-847-1\" data-stretch-type=\"full-width-stretch\" ><div id=\"pgc-847-1-0\"  class=\"panel-grid-cell\" ><div class=\"panel-cell-style panel-cell-style-for-847-1-0\" ><div id=\"panel-847-1-0-0\" class=\"so-panel widget widget_sow-editor panel-first-child panel-last-child\" data-index=\"2\" ><div\n\t\t\t\n\t\t\tclass=\"so-widget-sow-editor so-widget-sow-editor-base\"\n\t\t\t\n\t\t>\n<div class=\"siteorigin-widget-tinymce textwidget\">\n\t<\/div>\n<\/div><\/div><\/div><\/div><div id=\"pgc-847-1-1\"  class=\"panel-grid-cell\" ><div id=\"panel-847-1-1-0\" class=\"so-panel widget widget_sow-headline panel-first-child\" data-index=\"3\" ><div class=\"panel-widget-style panel-widget-style-for-847-1-1-0\" ><div\n\t\t\t\n\t\t\tclass=\"so-widget-sow-headline so-widget-sow-headline-default-ae0b232e46a9-847\"\n\t\t\t\n\t\t><div class=\"sow-headline-container \">\n\t\t\t\t\t\t\t<h1 class=\"sow-headline\">\n\t\t\t\t\t\tResponsabilit\u00e9 sociale\t\t\t\t\t\t<\/h1>\n\t\t\t\t\t\t\t\t\t\t\t<div class=\"decoration\">\n\t\t\t\t\t\t<div class=\"decoration-inside\"><\/div>\n\t\t\t\t\t<\/div>\n\t\t\t\t\t<\/div>\n<\/div><\/div><\/div><div id=\"panel-847-1-1-1\" class=\"so-panel widget widget_sow-editor panel-last-child\" data-index=\"4\" ><div class=\"panel-widget-style panel-widget-style-for-847-1-1-1\" ><div\n\t\t\t\n\t\t\tclass=\"so-widget-sow-editor so-widget-sow-editor-base\"\n\t\t\t\n\t\t>\n<div class=\"siteorigin-widget-tinymce textwidget\">\n\t<p>Pour nous, <strong>\u00ab\u00a0responsabilit\u00e9 sociale\u00a0\u00bb<\/strong> signifie consid\u00e9rer les employ\u00e9s comme une <strong>ressource strat\u00e9gique<\/strong> et assurer le respect de leurs droits tout en encourageant leur <strong>d\u00e9veloppement professionnel<\/strong> et personnel. \u00ab\u00a0Responsabilit\u00e9 sociale\u00a0\u00bb signifie aussi consid\u00e9rer les fournisseurs comme des partenaires actifs dans la <strong>croissance de notre entreprise<\/strong> en favorisant les collaborations et les interactions. Enfin, \u00ab\u00a0responsabilit\u00e9 sociale\u00a0\u00bb signifie consid\u00e9rer les clients comme les \u00e9l\u00e9ments cl\u00e9s de notre r\u00e9ussite.<br \/>\n<a href=\"https:\/\/www.litoterrazzi.it\/wp-content\/uploads\/2018\/03\/politica-sa8000.pdf\">Politique en mati\u00e8re de responsabilit\u00e9 sociale<\/a>.<\/p>\n<\/div>\n<\/div><\/div><\/div><\/div><\/div><\/div><div id=\"pg-847-2\"  class=\"panel-grid panel-has-style\" ><div class=\"lt-stretch-halves siteorigin-panels-stretch panel-row-style panel-row-style-for-847-2\" data-stretch-type=\"full-width-stretch\" ><div id=\"pgc-847-2-0\"  class=\"panel-grid-cell\" ><div id=\"panel-847-2-0-0\" class=\"so-panel widget widget_sow-headline panel-first-child\" data-index=\"5\" ><div class=\"panel-widget-style panel-widget-style-for-847-2-0-0\" ><div\n\t\t\t\n\t\t\tclass=\"so-widget-sow-headline so-widget-sow-headline-default-bb61bb2fe7f2-847\"\n\t\t\t\n\t\t><div class=\"sow-headline-container \">\n\t\t\t\t\t\t\t<h1 class=\"sow-headline\">\n\t\t\t\t\t\tT\u00e9l\u00e9chargement\t\t\t\t\t\t<\/h1>\n\t\t\t\t\t\t<\/div>\n<\/div><\/div><\/div><div id=\"panel-847-2-0-1\" class=\"so-panel widget widget_sow-editor panel-last-child\" data-index=\"6\" ><div class=\"lt-list lt-download-list panel-widget-style panel-widget-style-for-847-2-0-1\" ><div\n\t\t\t\n\t\t\tclass=\"so-widget-sow-editor so-widget-sow-editor-base\"\n\t\t\t\n\t\t>\n<div class=\"siteorigin-widget-tinymce textwidget\">\n\t<ul>\n<li><a href=\"https:\/\/www.litoterrazzi.it\/wp-content\/uploads\/2025\/02\/bilancio-sociale-SA8000-2025.pdf\">Bilan social<\/a><\/li>\n<\/ul>\n<\/div>\n<\/div><\/div><\/div><\/div><div id=\"pgc-847-2-1\"  class=\"panel-grid-cell\" ><div class=\"panel-cell-style panel-cell-style-for-847-2-1\" ><div id=\"panel-847-2-1-0\" class=\"so-panel widget widget_sow-editor panel-first-child panel-last-child\" data-index=\"7\" ><div\n\t\t\t\n\t\t\tclass=\"so-widget-sow-editor so-widget-sow-editor-base\"\n\t\t\t\n\t\t>\n<div class=\"siteorigin-widget-tinymce textwidget\">\n\t<\/div>\n<\/div><\/div><\/div><\/div><\/div><\/div><\/div>","protected":false},"excerpt":{"rendered":"<p>D\u00e8s la fondation de Lito Terrazzi en 1967, nous nous sommes fix\u00e9s un objectif prioritaire sur tous les autres\u00a0: mettre en valeur chacun des produits que nous imprimons. Aujourd\u2019hui encore, nous poursuivons notre mission de veiller avec soin et attention \u00e0 chaque \u00e9tape de la production, en choisissant des mat\u00e9riaux de tout premier choix et [&hellip;]<\/p>\n","protected":false},"author":1,"featured_media":1510,"parent":0,"menu_order":0,"comment_status":"closed","ping_status":"closed","template":"","meta":{"inline_featured_image":false,"footnotes":""},"class_list":["post-847","page","type-page","status-publish","has-post-thumbnail","hentry"],"yoast_head":"<!-- This site is optimized with the Yoast SEO plugin v27.4 - https:\/\/yoast.com\/product\/yoast-seo-wordpress\/ -->\n<title>Chi siamo - Lito Terrazzi - Prestampa - Rilegatura - Azienda Stampa<\/title>\n<meta name=\"description\" content=\"Lito Terrazzi \u00e8 la soluzione ideale per ogni esigenza di stampa: un\u2019azienda grafica competitiva e innovativa che fornisce una qualit\u00e0 sempre eccellente. Scopri di pi\u00f9.\" \/>\n<meta name=\"robots\" content=\"index, follow, max-snippet:-1, max-image-preview:large, max-video-preview:-1\" \/>\n<link rel=\"canonical\" href=\"https:\/\/www.litoterrazzi.it\/fr\/qui-sommes-nous\/\" \/>\n<meta property=\"og:locale\" content=\"fr_FR\" \/>\n<meta property=\"og:type\" content=\"article\" \/>\n<meta property=\"og:title\" content=\"Chi siamo - Lito Terrazzi - Prestampa - Rilegatura - Azienda Stampa\" \/>\n<meta property=\"og:description\" content=\"Lito Terrazzi \u00e8 la soluzione ideale per ogni esigenza di stampa: un\u2019azienda grafica competitiva e innovativa che fornisce una qualit\u00e0 sempre eccellente. Scopri di pi\u00f9.\" \/>\n<meta property=\"og:url\" content=\"https:\/\/www.litoterrazzi.it\/fr\/qui-sommes-nous\/\" \/>\n<meta property=\"og:site_name\" content=\"Lito Terrazzi\" \/>\n<meta property=\"article:modified_time\" content=\"2025-02-26T11:19:39+00:00\" \/>\n<meta property=\"og:image\" content=\"https:\/\/www.litoterrazzi.it\/wp-content\/uploads\/2018\/05\/header-chi-siamo-new.jpg\" \/>\n\t<meta property=\"og:image:width\" content=\"1400\" \/>\n\t<meta property=\"og:image:height\" content=\"437\" \/>\n\t<meta property=\"og:image:type\" content=\"image\/jpeg\" \/>\n<meta name=\"twitter:card\" content=\"summary_large_image\" \/>\n<meta name=\"twitter:label1\" content=\"Dur\u00e9e de lecture estim\u00e9e\" \/>\n\t<meta name=\"twitter:data1\" content=\"2 minutes\" \/>\n<script type=\"application\/ld+json\" class=\"yoast-schema-graph\">{\"@context\":\"https:\\\/\\\/schema.org\",\"@graph\":[{\"@type\":\"WebPage\",\"@id\":\"https:\\\/\\\/www.litoterrazzi.it\\\/fr\\\/qui-sommes-nous\\\/\",\"url\":\"https:\\\/\\\/www.litoterrazzi.it\\\/fr\\\/qui-sommes-nous\\\/\",\"name\":\"Chi siamo - Lito Terrazzi - Prestampa - Rilegatura - Azienda Stampa\",\"isPartOf\":{\"@id\":\"https:\\\/\\\/www.litoterrazzi.it\\\/#website\"},\"primaryImageOfPage\":{\"@id\":\"https:\\\/\\\/www.litoterrazzi.it\\\/fr\\\/qui-sommes-nous\\\/#primaryimage\"},\"image\":{\"@id\":\"https:\\\/\\\/www.litoterrazzi.it\\\/fr\\\/qui-sommes-nous\\\/#primaryimage\"},\"thumbnailUrl\":\"https:\\\/\\\/www.litoterrazzi.it\\\/wp-content\\\/uploads\\\/2018\\\/05\\\/header-chi-siamo-new.jpg\",\"datePublished\":\"2018-02-01T13:18:55+00:00\",\"dateModified\":\"2025-02-26T11:19:39+00:00\",\"description\":\"Lito Terrazzi \u00e8 la soluzione ideale per ogni esigenza di stampa: un\u2019azienda grafica competitiva e innovativa che fornisce una qualit\u00e0 sempre eccellente. Scopri di pi\u00f9.\",\"breadcrumb\":{\"@id\":\"https:\\\/\\\/www.litoterrazzi.it\\\/fr\\\/qui-sommes-nous\\\/#breadcrumb\"},\"inLanguage\":\"fr-FR\",\"potentialAction\":[{\"@type\":\"ReadAction\",\"target\":[\"https:\\\/\\\/www.litoterrazzi.it\\\/fr\\\/qui-sommes-nous\\\/\"]}]},{\"@type\":\"ImageObject\",\"inLanguage\":\"fr-FR\",\"@id\":\"https:\\\/\\\/www.litoterrazzi.it\\\/fr\\\/qui-sommes-nous\\\/#primaryimage\",\"url\":\"https:\\\/\\\/www.litoterrazzi.it\\\/wp-content\\\/uploads\\\/2018\\\/05\\\/header-chi-siamo-new.jpg\",\"contentUrl\":\"https:\\\/\\\/www.litoterrazzi.it\\\/wp-content\\\/uploads\\\/2018\\\/05\\\/header-chi-siamo-new.jpg\",\"width\":1400,\"height\":437},{\"@type\":\"BreadcrumbList\",\"@id\":\"https:\\\/\\\/www.litoterrazzi.it\\\/fr\\\/qui-sommes-nous\\\/#breadcrumb\",\"itemListElement\":[{\"@type\":\"ListItem\",\"position\":1,\"name\":\"Home\",\"item\":\"https:\\\/\\\/www.litoterrazzi.it\\\/fr\\\/\"},{\"@type\":\"ListItem\",\"position\":2,\"name\":\"QUI SOMMES-NOUS ?\"}]},{\"@type\":\"WebSite\",\"@id\":\"https:\\\/\\\/www.litoterrazzi.it\\\/#website\",\"url\":\"https:\\\/\\\/www.litoterrazzi.it\\\/\",\"name\":\"Lito Terrazzi\",\"description\":\"Qualit\u00e0. Innovazione. Versatilit\u00e0.\",\"publisher\":{\"@id\":\"https:\\\/\\\/www.litoterrazzi.it\\\/#organization\"},\"potentialAction\":[{\"@type\":\"SearchAction\",\"target\":{\"@type\":\"EntryPoint\",\"urlTemplate\":\"https:\\\/\\\/www.litoterrazzi.it\\\/?s={search_term_string}\"},\"query-input\":{\"@type\":\"PropertyValueSpecification\",\"valueRequired\":true,\"valueName\":\"search_term_string\"}}],\"inLanguage\":\"fr-FR\"},{\"@type\":\"Organization\",\"@id\":\"https:\\\/\\\/www.litoterrazzi.it\\\/#organization\",\"name\":\"Lito Terrazzi\",\"url\":\"https:\\\/\\\/www.litoterrazzi.it\\\/\",\"logo\":{\"@type\":\"ImageObject\",\"inLanguage\":\"fr-FR\",\"@id\":\"https:\\\/\\\/www.litoterrazzi.it\\\/#\\\/schema\\\/logo\\\/image\\\/\",\"url\":\"https:\\\/\\\/www.litoterrazzi.it\\\/wp-content\\\/uploads\\\/2024\\\/01\\\/logo_terrazzi.png\",\"contentUrl\":\"https:\\\/\\\/www.litoterrazzi.it\\\/wp-content\\\/uploads\\\/2024\\\/01\\\/logo_terrazzi.png\",\"width\":190,\"height\":65,\"caption\":\"Lito Terrazzi\"},\"image\":{\"@id\":\"https:\\\/\\\/www.litoterrazzi.it\\\/#\\\/schema\\\/logo\\\/image\\\/\"}}]}<\/script>\n<!-- \/ Yoast SEO plugin. -->","yoast_head_json":{"title":"Chi siamo - Lito Terrazzi - Prestampa - Rilegatura - Azienda Stampa","description":"Lito Terrazzi \u00e8 la soluzione ideale per ogni esigenza di stampa: un\u2019azienda grafica competitiva e innovativa che fornisce una qualit\u00e0 sempre eccellente. Scopri di pi\u00f9.","robots":{"index":"index","follow":"follow","max-snippet":"max-snippet:-1","max-image-preview":"max-image-preview:large","max-video-preview":"max-video-preview:-1"},"canonical":"https:\/\/www.litoterrazzi.it\/fr\/qui-sommes-nous\/","og_locale":"fr_FR","og_type":"article","og_title":"Chi siamo - Lito Terrazzi - Prestampa - Rilegatura - Azienda Stampa","og_description":"Lito Terrazzi \u00e8 la soluzione ideale per ogni esigenza di stampa: un\u2019azienda grafica competitiva e innovativa che fornisce una qualit\u00e0 sempre eccellente. Scopri di pi\u00f9.","og_url":"https:\/\/www.litoterrazzi.it\/fr\/qui-sommes-nous\/","og_site_name":"Lito Terrazzi","article_modified_time":"2025-02-26T11:19:39+00:00","og_image":[{"width":1400,"height":437,"url":"https:\/\/www.litoterrazzi.it\/wp-content\/uploads\/2018\/05\/header-chi-siamo-new.jpg","type":"image\/jpeg"}],"twitter_card":"summary_large_image","twitter_misc":{"Dur\u00e9e de lecture estim\u00e9e":"2 minutes"},"schema":{"@context":"https:\/\/schema.org","@graph":[{"@type":"WebPage","@id":"https:\/\/www.litoterrazzi.it\/fr\/qui-sommes-nous\/","url":"https:\/\/www.litoterrazzi.it\/fr\/qui-sommes-nous\/","name":"Chi siamo - Lito Terrazzi - Prestampa - Rilegatura - Azienda Stampa","isPartOf":{"@id":"https:\/\/www.litoterrazzi.it\/#website"},"primaryImageOfPage":{"@id":"https:\/\/www.litoterrazzi.it\/fr\/qui-sommes-nous\/#primaryimage"},"image":{"@id":"https:\/\/www.litoterrazzi.it\/fr\/qui-sommes-nous\/#primaryimage"},"thumbnailUrl":"https:\/\/www.litoterrazzi.it\/wp-content\/uploads\/2018\/05\/header-chi-siamo-new.jpg","datePublished":"2018-02-01T13:18:55+00:00","dateModified":"2025-02-26T11:19:39+00:00","description":"Lito Terrazzi \u00e8 la soluzione ideale per ogni esigenza di stampa: un\u2019azienda grafica competitiva e innovativa che fornisce una qualit\u00e0 sempre eccellente. Scopri di pi\u00f9.","breadcrumb":{"@id":"https:\/\/www.litoterrazzi.it\/fr\/qui-sommes-nous\/#breadcrumb"},"inLanguage":"fr-FR","potentialAction":[{"@type":"ReadAction","target":["https:\/\/www.litoterrazzi.it\/fr\/qui-sommes-nous\/"]}]},{"@type":"ImageObject","inLanguage":"fr-FR","@id":"https:\/\/www.litoterrazzi.it\/fr\/qui-sommes-nous\/#primaryimage","url":"https:\/\/www.litoterrazzi.it\/wp-content\/uploads\/2018\/05\/header-chi-siamo-new.jpg","contentUrl":"https:\/\/www.litoterrazzi.it\/wp-content\/uploads\/2018\/05\/header-chi-siamo-new.jpg","width":1400,"height":437},{"@type":"BreadcrumbList","@id":"https:\/\/www.litoterrazzi.it\/fr\/qui-sommes-nous\/#breadcrumb","itemListElement":[{"@type":"ListItem","position":1,"name":"Home","item":"https:\/\/www.litoterrazzi.it\/fr\/"},{"@type":"ListItem","position":2,"name":"QUI SOMMES-NOUS ?"}]},{"@type":"WebSite","@id":"https:\/\/www.litoterrazzi.it\/#website","url":"https:\/\/www.litoterrazzi.it\/","name":"Lito Terrazzi","description":"Qualit\u00e0. Innovazione. Versatilit\u00e0.","publisher":{"@id":"https:\/\/www.litoterrazzi.it\/#organization"},"potentialAction":[{"@type":"SearchAction","target":{"@type":"EntryPoint","urlTemplate":"https:\/\/www.litoterrazzi.it\/?s={search_term_string}"},"query-input":{"@type":"PropertyValueSpecification","valueRequired":true,"valueName":"search_term_string"}}],"inLanguage":"fr-FR"},{"@type":"Organization","@id":"https:\/\/www.litoterrazzi.it\/#organization","name":"Lito Terrazzi","url":"https:\/\/www.litoterrazzi.it\/","logo":{"@type":"ImageObject","inLanguage":"fr-FR","@id":"https:\/\/www.litoterrazzi.it\/#\/schema\/logo\/image\/","url":"https:\/\/www.litoterrazzi.it\/wp-content\/uploads\/2024\/01\/logo_terrazzi.png","contentUrl":"https:\/\/www.litoterrazzi.it\/wp-content\/uploads\/2024\/01\/logo_terrazzi.png","width":190,"height":65,"caption":"Lito Terrazzi"},"image":{"@id":"https:\/\/www.litoterrazzi.it\/#\/schema\/logo\/image\/"}}]}},"_links":{"self":[{"href":"https:\/\/www.litoterrazzi.it\/fr\/wp-json\/wp\/v2\/pages\/847","targetHints":{"allow":["GET"]}}],"collection":[{"href":"https:\/\/www.litoterrazzi.it\/fr\/wp-json\/wp\/v2\/pages"}],"about":[{"href":"https:\/\/www.litoterrazzi.it\/fr\/wp-json\/wp\/v2\/types\/page"}],"author":[{"embeddable":true,"href":"https:\/\/www.litoterrazzi.it\/fr\/wp-json\/wp\/v2\/users\/1"}],"replies":[{"embeddable":true,"href":"https:\/\/www.litoterrazzi.it\/fr\/wp-json\/wp\/v2\/comments?post=847"}],"version-history":[{"count":14,"href":"https:\/\/www.litoterrazzi.it\/fr\/wp-json\/wp\/v2\/pages\/847\/revisions"}],"predecessor-version":[{"id":2065,"href":"https:\/\/www.litoterrazzi.it\/fr\/wp-json\/wp\/v2\/pages\/847\/revisions\/2065"}],"wp:featuredmedia":[{"embeddable":true,"href":"https:\/\/www.litoterrazzi.it\/fr\/wp-json\/wp\/v2\/media\/1510"}],"wp:attachment":[{"href":"https:\/\/www.litoterrazzi.it\/fr\/wp-json\/wp\/v2\/media?parent=847"}],"curies":[{"name":"wp","href":"https:\/\/api.w.org\/{rel}","templated":true}]}}