{"id":844,"date":"2018-02-06T16:25:51","date_gmt":"2018-02-06T15:25:51","guid":{"rendered":"https:\/\/www.litoterrazzi.it\/home\/"},"modified":"2018-05-29T11:42:05","modified_gmt":"2018-05-29T09:42:05","slug":"home","status":"publish","type":"page","link":"https:\/\/www.litoterrazzi.it\/fr\/","title":{"rendered":"ACCUEIL"},"content":{"rendered":"<div id=\"pl-844\"  class=\"panel-layout\" ><div id=\"pg-844-0\"  class=\"panel-grid panel-has-style\" ><div class=\"lt-hero-home siteorigin-panels-stretch panel-row-style panel-row-style-for-844-0\" data-stretch-type=\"full-stretched\" ><div id=\"pgc-844-0-0\"  class=\"panel-grid-cell\" ><div id=\"panel-844-0-0-0\" class=\"so-panel widget widget_sow-headline panel-first-child\" data-index=\"0\" ><div class=\"lt-hero-slogan uk-container panel-widget-style panel-widget-style-for-844-0-0-0\" ><div\n\t\t\t\n\t\t\tclass=\"so-widget-sow-headline so-widget-sow-headline-default-e2369890fa29-844\"\n\t\t\t\n\t\t><div class=\"sow-headline-container \">\n\t\t\t\t\t\t\t<h1 class=\"sow-headline\">\n\t\t\t\t\t\tQualit\u00e9. Innovation. Polyvalence.\t\t\t\t\t\t<\/h1>\n\t\t\t\t\t\t<\/div>\n<\/div><\/div><\/div><div id=\"panel-844-0-0-1\" class=\"so-panel widget widget_siteorigin-panels-builder panel-last-child\" data-index=\"1\" ><div class=\"lt-hero-frame uk-light uk-container panel-widget-style panel-widget-style-for-844-0-0-1\" ><div id=\"pl-w5b0d201fa61b3\"  class=\"panel-layout\" ><div id=\"pg-w5b0d201fa61b3-0\"  class=\"panel-grid panel-no-style\" ><div id=\"pgc-w5b0d201fa61b3-0-0\"  class=\"panel-grid-cell\" ><div id=\"panel-w5b0d201fa61b3-0-0-0\" class=\"so-panel widget widget_sow-editor panel-first-child\" data-index=\"0\" ><div class=\"panel-widget-style panel-widget-style-for-w5b0d201fa61b3-0-0-0\" ><div\n\t\t\t\n\t\t\tclass=\"so-widget-sow-editor so-widget-sow-editor-base\"\n\t\t\t\n\t\t>\n<div class=\"siteorigin-widget-tinymce textwidget\">\n\t<p>D\u00e8s sa fondation en 1967, Lito Terrazzi s\u2019est fix\u00e9 un objectif prioritaire sur tous les autres\u00a0: mettre en valeur chacun des produits qu\u2019il imprime. Aujourd\u2019hui encore, nous poursuivons ce but en veillant avec soin et attention \u00e0 chaque \u00e9tape de la production, en choisissant des mat\u00e9riaux de toute premi\u00e8re qualit\u00e9 et en n\u2019utilisant que des \u00e9quipements de derni\u00e8re g\u00e9n\u00e9ration.<\/p>\n<\/div>\n<\/div><\/div><\/div><div id=\"panel-w5b0d201fa61b3-0-0-1\" class=\"so-panel widget widget_sow-button panel-last-child\" data-index=\"1\" ><div\n\t\t\t\n\t\t\tclass=\"so-widget-sow-button so-widget-sow-button-wire-64bbc7f22158\"\n\t\t\t\n\t\t><div class=\"ow-button-base ow-button-align-left\"\n>\n\t\t\t<a\n\t\t\t\t\thref=\"https:\/\/www.litoterrazzi.it\/chi-siamo\/\"\n\t\t\t\t\tclass=\"sowb-button ow-icon-placement-left ow-button-hover\" \t>\n\t\t<span>\n\t\t\t\n\t\t\tLIRE LA SUITE\t\t<\/span>\n\t\t\t<\/a>\n\t<\/div>\n<\/div><\/div><\/div><\/div><\/div><\/div><\/div><\/div><\/div><\/div><div id=\"pg-844-1\"  class=\"panel-grid panel-no-style\" ><div id=\"pgc-844-1-0\"  class=\"panel-grid-cell\" ><div id=\"panel-844-1-0-0\" class=\"so-panel widget widget_sow-headline panel-first-child\" data-index=\"2\" ><div class=\"panel-widget-style panel-widget-style-for-844-1-0-0\" ><div\n\t\t\t\n\t\t\tclass=\"so-widget-sow-headline so-widget-sow-headline-default-6b52635ceda7-844\"\n\t\t\t\n\t\t><div class=\"sow-headline-container \">\n\t\t\t\t\t\t\t<h1 class=\"sow-headline\">\n\t\t\t\t\t\tNos produits\t\t\t\t\t\t<\/h1>\n\t\t\t\t\t\t<\/div>\n<\/div><\/div><\/div><div id=\"panel-844-1-0-1\" class=\"so-panel widget widget_lter-taxonomy-grid-widget\" data-index=\"3\" ><div class=\"panel-widget-style panel-widget-style-for-844-1-0-1\" ><div\n\t\t\t\n\t\t\tclass=\"so-widget-lter-taxonomy-grid-widget so-widget-lter-taxonomy-grid-widget-base\"\n\t\t\t\n\t\t>\t<div class=\"uk-child-width-1-1 uk-child-width-1-2@s uk-child-width-1-3@m uk-grid-match uk-grid-small\" uk-grid>\n\t\t<div>\n\t\t\t<div class=\"uk-card lt-card\" style=\"background-image: url(https:\/\/www.litoterrazzi.it\/wp-content\/uploads\/2018\/02\/card-corner-teal.png)\">\n\t\t\t\t<div class=\"uk-card-media-top\">\n\t\t\t\t\t<a href=\"https:\/\/www.litoterrazzi.it\/fr\/reliure-brochee-et-reliure-brochee-dos-carre-colle\/\"><img decoding=\"async\" class=\"uk-width-1-1\" src=\"https:\/\/www.litoterrazzi.it\/wp-content\/uploads\/2018\/02\/rilegature-brossura.jpg\" \/><\/a>\t\t\t\t<\/div>\n\t\t\t\t<div class=\"uk-card-body\">\n\t\t\t\t\t<h3 class=\"uk-card-title\"><a href=\"https:\/\/www.litoterrazzi.it\/fr\/reliure-brochee-et-reliure-brochee-dos-carre-colle\/\">Reliure broch\u00e9e et reliure broch\u00e9e dos carr\u00e9 coll\u00e9<\/a><\/h3>\n\t\t\t\t<\/div>\n\t\t\t<\/div>\n\t\t<\/div>\n\t\t<div>\n\t\t\t<div class=\"uk-card lt-card\" style=\"background-image: url(https:\/\/www.litoterrazzi.it\/wp-content\/uploads\/2018\/02\/card-corner-blue.png)\">\n\t\t\t\t<div class=\"uk-card-media-top\">\n\t\t\t\t\t<a href=\"https:\/\/www.litoterrazzi.it\/fr\/reliure-cartonnee\/\"><img decoding=\"async\" class=\"uk-width-1-1\" src=\"https:\/\/www.litoterrazzi.it\/wp-content\/uploads\/2018\/02\/rilegature-cartonato.jpg\" \/><\/a>\t\t\t\t<\/div>\n\t\t\t\t<div class=\"uk-card-body\">\n\t\t\t\t\t<h3 class=\"uk-card-title\"><a href=\"https:\/\/www.litoterrazzi.it\/fr\/reliure-cartonnee\/\">Reliure cartonn\u00e9e<\/a><\/h3>\n\t\t\t\t<\/div>\n\t\t\t<\/div>\n\t\t<\/div>\n\t\t<div>\n\t\t\t<div class=\"uk-card lt-card\" style=\"background-image: url(https:\/\/www.litoterrazzi.it\/wp-content\/uploads\/2018\/02\/card-corner-brown.png)\">\n\t\t\t\t<div class=\"uk-card-media-top\">\n\t\t\t\t\t<a href=\"https:\/\/www.litoterrazzi.it\/fr\/reliure-cartonnee-dos-colle-cousu\/\"><img decoding=\"async\" class=\"uk-width-1-1\" src=\"https:\/\/www.litoterrazzi.it\/wp-content\/uploads\/2018\/02\/rilegature-cartonato_olandese.jpg\" \/><\/a>\t\t\t\t<\/div>\n\t\t\t\t<div class=\"uk-card-body\">\n\t\t\t\t\t<h3 class=\"uk-card-title\"><a href=\"https:\/\/www.litoterrazzi.it\/fr\/reliure-cartonnee-dos-colle-cousu\/\">Reliure cartonn\u00e9e dos coll\u00e9 cousu<\/a><\/h3>\n\t\t\t\t<\/div>\n\t\t\t<\/div>\n\t\t<\/div>\n\t\t<div>\n\t\t\t<div class=\"uk-card lt-card\" style=\"background-image: url(https:\/\/www.litoterrazzi.it\/wp-content\/uploads\/2018\/02\/card-corner-orange.png)\">\n\t\t\t\t<div class=\"uk-card-media-top\">\n\t\t\t\t\t<a href=\"https:\/\/www.litoterrazzi.it\/fr\/reliure-spirales\/\"><img decoding=\"async\" class=\"uk-width-1-1\" src=\"https:\/\/www.litoterrazzi.it\/wp-content\/uploads\/2018\/02\/rilegature-spirale.jpg\" \/><\/a>\t\t\t\t<\/div>\n\t\t\t\t<div class=\"uk-card-body\">\n\t\t\t\t\t<h3 class=\"uk-card-title\"><a href=\"https:\/\/www.litoterrazzi.it\/fr\/reliure-spirales\/\">Reliure spirales<\/a><\/h3>\n\t\t\t\t<\/div>\n\t\t\t<\/div>\n\t\t<\/div>\n\t\t<div>\n\t\t\t<div class=\"uk-card lt-card\" style=\"background-image: url(https:\/\/www.litoterrazzi.it\/wp-content\/uploads\/2018\/02\/card-corner-green.png)\">\n\t\t\t\t<div class=\"uk-card-media-top\">\n\t\t\t\t\t<a href=\"https:\/\/www.litoterrazzi.it\/fr\/reliure-agrafes\/\"><img decoding=\"async\" class=\"uk-width-1-1\" src=\"https:\/\/www.litoterrazzi.it\/wp-content\/uploads\/2018\/02\/rilegature-punto_metallico.jpg\" \/><\/a>\t\t\t\t<\/div>\n\t\t\t\t<div class=\"uk-card-body\">\n\t\t\t\t\t<h3 class=\"uk-card-title\"><a href=\"https:\/\/www.litoterrazzi.it\/fr\/reliure-agrafes\/\">Reliure agrafes<\/a><\/h3>\n\t\t\t\t<\/div>\n\t\t\t<\/div>\n\t\t<\/div>\n\t\t<div>\n\t\t\t<div class=\"uk-card lt-card\" style=\"background-image: url(https:\/\/www.litoterrazzi.it\/wp-content\/uploads\/2018\/02\/card-corner-grey.png)\">\n\t\t\t\t<div class=\"uk-card-media-top\">\n\t\t\t\t\t<a href=\"https:\/\/www.litoterrazzi.it\/le-nostre-realizzazioni\/\"><img decoding=\"async\" class=\"uk-width-1-1\" src=\"https:\/\/www.litoterrazzi.it\/wp-content\/uploads\/2018\/02\/rilegature-realizzazioni.jpg\" \/><\/a>\t\t\t\t<\/div>\n\t\t\t\t<div class=\"uk-card-body\">\n\t\t\t\t\t<h3 class=\"uk-card-title\"><a href=\"https:\/\/www.litoterrazzi.it\/le-nostre-realizzazioni\/\">Voir nos r\u00e9alisations<\/a><\/h3>\n\t\t\t\t<\/div>\n\t\t\t<\/div>\n\t\t<\/div>\n\t<\/div>\n<\/div><\/div><\/div><div id=\"panel-844-1-0-2\" class=\"so-panel widget widget_sow-cta panel-last-child\" data-index=\"4\" ><div class=\"lt-call-to-action panel-widget-style panel-widget-style-for-844-1-0-2\" ><div\n\t\t\t\n\t\t\tclass=\"so-widget-sow-cta so-widget-sow-cta-default-d4201abb52ae-844\"\n\t\t\t\n\t\t><div\n\tclass=\"sow-cta-base\"\n\t>\n\t\n\t<div class=\"sow-cta-wrapper\">\n\n\t\t<div class=\"sow-cta-text\">\n\t\t\t\t\t\t\t<h4 class=\"sow-cta-title\">\n\t\t\t\t\tVous souhaitez en savoir plus sur nos produits\u00a0?\t\t\t\t<\/h4>\n\t\t\t\n\t\t\t\t\t<\/div>\n\n\t\t<div\n\t\t\t\n\t\t\tclass=\"so-widget-sow-button so-widget-sow-button-wire-9a79ce53f5e7\"\n\t\t\t\n\t\t><div class=\"ow-button-base ow-button-align-center\"\n>\n\t\t\t<a\n\t\t\t\t\thref=\"https:\/\/www.litoterrazzi.it\/contatti\/\"\n\t\t\t\t\tclass=\"sowb-button ow-icon-placement-left ow-button-hover\" \t>\n\t\t<span>\n\t\t\t\n\t\t\tCONTACTEZ-NOUS\t\t<\/span>\n\t\t\t<\/a>\n\t<\/div>\n<\/div>\n\t<\/div>\n\n\t<\/div>\n<\/div><\/div><\/div><\/div><\/div><div id=\"pg-844-2\"  class=\"panel-grid panel-has-style\" ><div class=\"lt-stretch-halves uk-light siteorigin-panels-stretch panel-row-style panel-row-style-for-844-2\" data-stretch-type=\"full-stretched\" ><div id=\"pgc-844-2-0\"  class=\"panel-grid-cell\" ><div class=\"panel-cell-style panel-cell-style-for-844-2-0\" ><div id=\"panel-844-2-0-0\" class=\"so-panel widget widget_sow-editor panel-first-child panel-last-child\" data-index=\"5\" ><div\n\t\t\t\n\t\t\tclass=\"so-widget-sow-editor so-widget-sow-editor-base\"\n\t\t\t\n\t\t>\n<div class=\"siteorigin-widget-tinymce textwidget\">\n\t<\/div>\n<\/div><\/div><\/div><\/div><div id=\"pgc-844-2-1\"  class=\"panel-grid-cell\" ><div class=\"panel-cell-style panel-cell-style-for-844-2-1\" ><div id=\"panel-844-2-1-0\" class=\"so-panel widget widget_sow-headline panel-first-child\" data-index=\"6\" ><div class=\"panel-widget-style panel-widget-style-for-844-2-1-0\" ><div\n\t\t\t\n\t\t\tclass=\"so-widget-sow-headline so-widget-sow-headline-default-23075ca939d8-844\"\n\t\t\t\n\t\t><div class=\"sow-headline-container \">\n\t\t\t\t\t\t\t<h1 class=\"sow-headline\">\n\t\t\t\t\t\tDes technologies d\u2019avant-garde\t\t\t\t\t\t<\/h1>\n\t\t\t\t\t\t\t\t\t\t\t<div class=\"decoration\">\n\t\t\t\t\t\t<div class=\"decoration-inside\"><\/div>\n\t\t\t\t\t<\/div>\n\t\t\t\t\t<\/div>\n<\/div><\/div><\/div><div id=\"panel-844-2-1-1\" class=\"so-panel widget widget_sow-editor panel-last-child\" data-index=\"7\" ><div class=\"panel-widget-style panel-widget-style-for-844-2-1-1\" ><div\n\t\t\t\n\t\t\tclass=\"so-widget-sow-editor so-widget-sow-editor-base\"\n\t\t\t\n\t\t>\n<div class=\"siteorigin-widget-tinymce textwidget\">\n\t<p>L\u2019utilisation des syst\u00e8mes les plus modernes et les plus technologiquement avanc\u00e9s du march\u00e9 nous permet d\u2019offrir \u00e0 nos clients une grande polyvalence en termes de formats, de quantit\u00e9s et de types de produits sans jamais renoncer \u00e0 un excellent rapport qualit\u00e9\/prix.<\/p>\n<\/div>\n<\/div><\/div><\/div><\/div><\/div><\/div><\/div><\/div>","protected":false},"excerpt":{"rendered":"<p>Qualit\u00e9. Innovation. Polyvalence. D\u00e8s sa fondation en 1967, Lito Terrazzi s\u2019est fix\u00e9 un objectif prioritaire sur tous les autres\u00a0: mettre en valeur chacun des produits qu\u2019il imprime. Aujourd\u2019hui encore, nous poursuivons ce but en veillant avec soin et attention \u00e0 chaque \u00e9tape de la production, en choisissant des mat\u00e9riaux de toute premi\u00e8re qualit\u00e9 et en [&hellip;]<\/p>\n","protected":false},"author":1,"featured_media":0,"parent":0,"menu_order":0,"comment_status":"closed","ping_status":"closed","template":"page-templates\/template-single_sidebar_footer.php","meta":{"inline_featured_image":false,"footnotes":""},"class_list":["post-844","page","type-page","status-publish","hentry"],"yoast_head":"<!-- This site is optimized with the Yoast SEO plugin v27.6 - https:\/\/yoast.com\/product\/yoast-seo-wordpress\/ -->\n<title>Lito Terrazzi - Brossura - Rilegatura - Stampa Cataloghi e Libri - Prato<\/title>\n<meta name=\"description\" content=\"Dal 1967 la Lito Terrazzi valorizza ogni singolo prodotto stampato con cura e attenzione in ogni fase della produzione, scegliendo materiali di prima qualit\u00e0 e utilizzando solo macchinari di ultima generazione. Scopri di pi\u00f9.\" \/>\n<meta name=\"robots\" content=\"index, follow, max-snippet:-1, max-image-preview:large, max-video-preview:-1\" \/>\n<link rel=\"canonical\" href=\"https:\/\/www.litoterrazzi.it\/fr\/\" \/>\n<meta property=\"og:locale\" content=\"fr_FR\" \/>\n<meta property=\"og:type\" content=\"article\" \/>\n<meta property=\"og:title\" content=\"Lito Terrazzi - Brossura - Rilegatura - Stampa Cataloghi e Libri - Prato\" \/>\n<meta property=\"og:description\" content=\"Dal 1967 la Lito Terrazzi valorizza ogni singolo prodotto stampato con cura e attenzione in ogni fase della produzione, scegliendo materiali di prima qualit\u00e0 e utilizzando solo macchinari di ultima generazione. Scopri di pi\u00f9.\" \/>\n<meta property=\"og:url\" content=\"https:\/\/www.litoterrazzi.it\/fr\/\" \/>\n<meta property=\"og:site_name\" content=\"Lito Terrazzi\" \/>\n<meta property=\"article:modified_time\" content=\"2018-05-29T09:42:05+00:00\" \/>\n<meta name=\"twitter:card\" content=\"summary_large_image\" \/>\n<meta name=\"twitter:label1\" content=\"Dur\u00e9e de lecture estim\u00e9e\" \/>\n\t<meta name=\"twitter:data1\" content=\"1 minute\" \/>\n<script type=\"application\/ld+json\" class=\"yoast-schema-graph\">{\"@context\":\"https:\\\/\\\/schema.org\",\"@graph\":[{\"@type\":\"WebPage\",\"@id\":\"https:\\\/\\\/www.litoterrazzi.it\\\/fr\\\/\",\"url\":\"https:\\\/\\\/www.litoterrazzi.it\\\/fr\\\/\",\"name\":\"Lito Terrazzi - Brossura - Rilegatura - Stampa Cataloghi e Libri - Prato\",\"isPartOf\":{\"@id\":\"https:\\\/\\\/www.litoterrazzi.it\\\/#website\"},\"datePublished\":\"2018-02-06T15:25:51+00:00\",\"dateModified\":\"2018-05-29T09:42:05+00:00\",\"description\":\"Dal 1967 la Lito Terrazzi valorizza ogni singolo prodotto stampato con cura e attenzione in ogni fase della produzione, scegliendo materiali di prima qualit\u00e0 e utilizzando solo macchinari di ultima generazione. Scopri di pi\u00f9.\",\"breadcrumb\":{\"@id\":\"https:\\\/\\\/www.litoterrazzi.it\\\/fr\\\/#breadcrumb\"},\"inLanguage\":\"fr-FR\",\"potentialAction\":[{\"@type\":\"ReadAction\",\"target\":[\"https:\\\/\\\/www.litoterrazzi.it\\\/fr\\\/\"]}]},{\"@type\":\"BreadcrumbList\",\"@id\":\"https:\\\/\\\/www.litoterrazzi.it\\\/fr\\\/#breadcrumb\",\"itemListElement\":[{\"@type\":\"ListItem\",\"position\":1,\"name\":\"Home\",\"item\":\"https:\\\/\\\/www.litoterrazzi.it\\\/fr\\\/\"},{\"@type\":\"ListItem\",\"position\":2,\"name\":\"ACCUEIL\"}]},{\"@type\":\"WebSite\",\"@id\":\"https:\\\/\\\/www.litoterrazzi.it\\\/#website\",\"url\":\"https:\\\/\\\/www.litoterrazzi.it\\\/\",\"name\":\"Lito Terrazzi\",\"description\":\"Qualit\u00e0. Innovazione. Versatilit\u00e0.\",\"publisher\":{\"@id\":\"https:\\\/\\\/www.litoterrazzi.it\\\/#organization\"},\"potentialAction\":[{\"@type\":\"SearchAction\",\"target\":{\"@type\":\"EntryPoint\",\"urlTemplate\":\"https:\\\/\\\/www.litoterrazzi.it\\\/?s={search_term_string}\"},\"query-input\":{\"@type\":\"PropertyValueSpecification\",\"valueRequired\":true,\"valueName\":\"search_term_string\"}}],\"inLanguage\":\"fr-FR\"},{\"@type\":\"Organization\",\"@id\":\"https:\\\/\\\/www.litoterrazzi.it\\\/#organization\",\"name\":\"Lito Terrazzi\",\"url\":\"https:\\\/\\\/www.litoterrazzi.it\\\/\",\"logo\":{\"@type\":\"ImageObject\",\"inLanguage\":\"fr-FR\",\"@id\":\"https:\\\/\\\/www.litoterrazzi.it\\\/#\\\/schema\\\/logo\\\/image\\\/\",\"url\":\"https:\\\/\\\/www.litoterrazzi.it\\\/wp-content\\\/uploads\\\/2024\\\/01\\\/logo_terrazzi.png\",\"contentUrl\":\"https:\\\/\\\/www.litoterrazzi.it\\\/wp-content\\\/uploads\\\/2024\\\/01\\\/logo_terrazzi.png\",\"width\":190,\"height\":65,\"caption\":\"Lito Terrazzi\"},\"image\":{\"@id\":\"https:\\\/\\\/www.litoterrazzi.it\\\/#\\\/schema\\\/logo\\\/image\\\/\"}}]}<\/script>\n<!-- \/ Yoast SEO plugin. -->","yoast_head_json":{"title":"Lito Terrazzi - Brossura - Rilegatura - Stampa Cataloghi e Libri - Prato","description":"Dal 1967 la Lito Terrazzi valorizza ogni singolo prodotto stampato con cura e attenzione in ogni fase della produzione, scegliendo materiali di prima qualit\u00e0 e utilizzando solo macchinari di ultima generazione. Scopri di pi\u00f9.","robots":{"index":"index","follow":"follow","max-snippet":"max-snippet:-1","max-image-preview":"max-image-preview:large","max-video-preview":"max-video-preview:-1"},"canonical":"https:\/\/www.litoterrazzi.it\/fr\/","og_locale":"fr_FR","og_type":"article","og_title":"Lito Terrazzi - Brossura - Rilegatura - Stampa Cataloghi e Libri - Prato","og_description":"Dal 1967 la Lito Terrazzi valorizza ogni singolo prodotto stampato con cura e attenzione in ogni fase della produzione, scegliendo materiali di prima qualit\u00e0 e utilizzando solo macchinari di ultima generazione. Scopri di pi\u00f9.","og_url":"https:\/\/www.litoterrazzi.it\/fr\/","og_site_name":"Lito Terrazzi","article_modified_time":"2018-05-29T09:42:05+00:00","twitter_card":"summary_large_image","twitter_misc":{"Dur\u00e9e de lecture estim\u00e9e":"1 minute"},"schema":{"@context":"https:\/\/schema.org","@graph":[{"@type":"WebPage","@id":"https:\/\/www.litoterrazzi.it\/fr\/","url":"https:\/\/www.litoterrazzi.it\/fr\/","name":"Lito Terrazzi - Brossura - Rilegatura - Stampa Cataloghi e Libri - Prato","isPartOf":{"@id":"https:\/\/www.litoterrazzi.it\/#website"},"datePublished":"2018-02-06T15:25:51+00:00","dateModified":"2018-05-29T09:42:05+00:00","description":"Dal 1967 la Lito Terrazzi valorizza ogni singolo prodotto stampato con cura e attenzione in ogni fase della produzione, scegliendo materiali di prima qualit\u00e0 e utilizzando solo macchinari di ultima generazione. Scopri di pi\u00f9.","breadcrumb":{"@id":"https:\/\/www.litoterrazzi.it\/fr\/#breadcrumb"},"inLanguage":"fr-FR","potentialAction":[{"@type":"ReadAction","target":["https:\/\/www.litoterrazzi.it\/fr\/"]}]},{"@type":"BreadcrumbList","@id":"https:\/\/www.litoterrazzi.it\/fr\/#breadcrumb","itemListElement":[{"@type":"ListItem","position":1,"name":"Home","item":"https:\/\/www.litoterrazzi.it\/fr\/"},{"@type":"ListItem","position":2,"name":"ACCUEIL"}]},{"@type":"WebSite","@id":"https:\/\/www.litoterrazzi.it\/#website","url":"https:\/\/www.litoterrazzi.it\/","name":"Lito Terrazzi","description":"Qualit\u00e0. Innovazione. Versatilit\u00e0.","publisher":{"@id":"https:\/\/www.litoterrazzi.it\/#organization"},"potentialAction":[{"@type":"SearchAction","target":{"@type":"EntryPoint","urlTemplate":"https:\/\/www.litoterrazzi.it\/?s={search_term_string}"},"query-input":{"@type":"PropertyValueSpecification","valueRequired":true,"valueName":"search_term_string"}}],"inLanguage":"fr-FR"},{"@type":"Organization","@id":"https:\/\/www.litoterrazzi.it\/#organization","name":"Lito Terrazzi","url":"https:\/\/www.litoterrazzi.it\/","logo":{"@type":"ImageObject","inLanguage":"fr-FR","@id":"https:\/\/www.litoterrazzi.it\/#\/schema\/logo\/image\/","url":"https:\/\/www.litoterrazzi.it\/wp-content\/uploads\/2024\/01\/logo_terrazzi.png","contentUrl":"https:\/\/www.litoterrazzi.it\/wp-content\/uploads\/2024\/01\/logo_terrazzi.png","width":190,"height":65,"caption":"Lito Terrazzi"},"image":{"@id":"https:\/\/www.litoterrazzi.it\/#\/schema\/logo\/image\/"}}]}},"_links":{"self":[{"href":"https:\/\/www.litoterrazzi.it\/fr\/wp-json\/wp\/v2\/pages\/844","targetHints":{"allow":["GET"]}}],"collection":[{"href":"https:\/\/www.litoterrazzi.it\/fr\/wp-json\/wp\/v2\/pages"}],"about":[{"href":"https:\/\/www.litoterrazzi.it\/fr\/wp-json\/wp\/v2\/types\/page"}],"author":[{"embeddable":true,"href":"https:\/\/www.litoterrazzi.it\/fr\/wp-json\/wp\/v2\/users\/1"}],"replies":[{"embeddable":true,"href":"https:\/\/www.litoterrazzi.it\/fr\/wp-json\/wp\/v2\/comments?post=844"}],"version-history":[{"count":4,"href":"https:\/\/www.litoterrazzi.it\/fr\/wp-json\/wp\/v2\/pages\/844\/revisions"}],"predecessor-version":[{"id":849,"href":"https:\/\/www.litoterrazzi.it\/fr\/wp-json\/wp\/v2\/pages\/844\/revisions\/849"}],"wp:attachment":[{"href":"https:\/\/www.litoterrazzi.it\/fr\/wp-json\/wp\/v2\/media?parent=844"}],"curies":[{"name":"wp","href":"https:\/\/api.w.org\/{rel}","templated":true}]}}